{"id":1938,"date":"2018-10-26T09:30:12","date_gmt":"2018-10-26T09:30:12","guid":{"rendered":"https:\/\/risam.valorebf.eu\/hks\/"},"modified":"2018-11-30T20:21:38","modified_gmt":"2018-11-30T20:21:38","slug":"hks","status":"publish","type":"page","link":"https:\/\/risam.it\/de\/vertrieb\/hks\/","title":{"rendered":"HKS"},"content":{"rendered":"<p>[et_pb_section bb_built=&#8221;1&#8243; _builder_version=&#8221;3.0.105&#8243; background_image=&#8221;https:\/\/risam.it\/wp-content\/uploads\/2018\/03\/RISAM_Header.jpg&#8221; custom_padding=&#8221;90px|0px|90px|0px&#8221; next_background_color=&#8221;#000000&#8243;][et_pb_row _builder_version=&#8221;3.0.105&#8243; background_size=&#8221;initial&#8221; background_position=&#8221;top_left&#8221; background_repeat=&#8221;repeat&#8221;][et_pb_column type=&#8221;4_4&#8243;][et_pb_text module_id=&#8221;marginesx&#8221; _builder_version=&#8221;3.0.105&#8243; background_size=&#8221;initial&#8221; background_position=&#8221;top_left&#8221; background_repeat=&#8221;repeat&#8221; custom_margin=&#8221;|||-110px&#8221;]<\/p>\n<h1 style=\"background-color: #b6b8ba; text-align: center;\"><span id=\"framo\" class=\"big-titolo\" style=\"font-size: 7vw; color: #ffffff;\">HKS<\/span><\/h1>\n<p>[\/et_pb_text][\/et_pb_column][\/et_pb_row][\/et_pb_section][et_pb_section bb_built=&#8221;1&#8243; specialty=&#8221;on&#8221; _builder_version=&#8221;3.0.105&#8243; custom_padding=&#8221;54px|0px|0px|0px&#8221; prev_background_color=&#8221;#000000&#8243; next_background_color=&#8221;#000000&#8243;][et_pb_column type=&#8221;1_2&#8243; specialty_columns=&#8221;2&#8243;][et_pb_row_inner custom_padding=&#8221;29.6875px|0px|0px|0px&#8221; _builder_version=&#8221;3.0.105&#8243;][et_pb_column_inner type=&#8221;4_4&#8243; saved_specialty_column_type=&#8221;1_2&#8243;][et_pb_text _builder_version=&#8221;3.0.105&#8243; custom_margin=&#8221;-30px|||&#8221; animation_style=&#8221;slide&#8221; animation_direction=&#8221;left&#8221; animation_intensity_slide=&#8221;1%&#8221;]<\/p>\n<h2 style=\"background-color: #b6b8ba;\"><span class=\"secondo-titolo-big3 compensatori6\" style=\"font-size: 2vw;\">KOMPENSATOREN<\/span><\/h2>\n<p>[\/et_pb_text][et_pb_text _builder_version=&#8221;3.0.105&#8243; custom_margin=&#8221;-50px|||&#8221; animation_style=&#8221;slide&#8221; animation_direction=&#8221;left&#8221; animation_intensity_slide=&#8221;1%&#8221; inline_fonts=&#8221;Abel&#8221;]<\/p>\n<h2><span style=\"color: #bf5917;\"><strong><span style=\"font-family: Abel;\">\u00a0<\/span><\/strong><\/span><\/h2>\n<h2 style=\"background-color: #d1d3d4;\"><span style=\"color: #df6b09;text-transform: uppercase;\"><span>FLEXIBLE L\u00f6sungen f\u00fcr Ihr Rohrsystem<\/span> <\/span><\/h2>\n<p>[\/et_pb_text][\/et_pb_column_inner][\/et_pb_row_inner][\/et_pb_column][et_pb_column type=&#8221;1_2&#8243;][et_pb_image src=&#8221;\/wp-content\/uploads\/2018\/08\/logo-HKS-2.jpg&#8221; url=&#8221;https:\/\/www.hks-kompensatoren.de\/&#8221; url_new_window=&#8221;on&#8221; align=&#8221;right&#8221; _builder_version=&#8221;3.0.105&#8243; max_width=&#8221;55%&#8221; custom_margin=&#8221;-10px|||&#8221; animation_style=&#8221;fade&#8221; show_in_lightbox=&#8221;off&#8221; use_overlay=&#8221;off&#8221; always_center_on_mobile=&#8221;on&#8221; force_fullwidth=&#8221;off&#8221; show_bottom_space=&#8221;on&#8221; \/][\/et_pb_column][\/et_pb_section][et_pb_section bb_built=&#8221;1&#8243; _builder_version=&#8221;3.0.105&#8243; custom_padding=&#8221;0px|0px|0px|0px&#8221; prev_background_color=&#8221;#000000&#8243; next_background_color=&#8221;#000000&#8243;][et_pb_row use_custom_gutter=&#8221;on&#8221; gutter_width=&#8221;1&#8243; background_color_1=&#8221;#5386a0&#8243; _builder_version=&#8221;3.0.105&#8243;][et_pb_column type=&#8221;1_2&#8243;][et_pb_text background_layout=&#8221;dark&#8221; module_id=&#8221;marginedestro&#8221; _builder_version=&#8221;3.0.105&#8243; text_text_color=&#8221;#fcfeff&#8221; custom_margin=&#8221;50px|120px|75px|50px&#8221; custom_margin_phone=&#8221;50px|50px|50px|50px&#8221; custom_margin_last_edited=&#8221;on|phone&#8221;]<\/p>\n<p>Die deutsche Firma HKS, mit Sitz in Rostock, herstellt Kompensatoren und Schl\u00e4uchen mit einem Durchmesser bis zum 7000 mm.<\/p>\n<p>HKS-Kompensatoren k\u00f6nnen axial, eckig oder kardanisch sein, in geschwei\u00dfter Ausf\u00fchrung und, bei Bedarf, in Edelstahl ausgef\u00fchrt werden.<\/p>\n<p>HKS herstellt Metallkompensatoren, Gummikompensatoren und Gewebekompensatoren f\u00fcr folgenden Industriebereichen:<\/p>\n<ul>\n<li>Anlagebau<\/li>\n<li>Maschinenbau<\/li>\n<li>Schiefbau<\/li>\n<li>Elektrizit\u00e4tswerke<\/li>\n<li>Diesel Motoren<\/li>\n<li>Rohranlagenbau<\/li>\n<li>Chemieanlage<\/li>\n<li>Lebensmittelindustrie<\/li>\n<\/ul>\n<p>[\/et_pb_text][\/et_pb_column][et_pb_column type=&#8221;1_2&#8243;][et_pb_image src=&#8221;\/wp-content\/uploads\/2018\/08\/RISAM-HKS-Macchinario.jpg&#8221; module_id=&#8221;immagine&#8221; module_class=&#8221;spazio-verticale&#8221; _builder_version=&#8221;3.0.105&#8243; custom_margin=&#8221;40px|||-50px&#8221; custom_margin_phone=&#8221;25px|||0px&#8221; custom_margin_last_edited=&#8221;on|desktop&#8221; animation_style=&#8221;slide&#8221; animation_direction=&#8221;right&#8221; animation_intensity_slide=&#8221;1%&#8221; show_in_lightbox=&#8221;off&#8221; url_new_window=&#8221;off&#8221; use_overlay=&#8221;off&#8221; always_center_on_mobile=&#8221;on&#8221; force_fullwidth=&#8221;off&#8221; show_bottom_space=&#8221;on&#8221; \/][\/et_pb_column][\/et_pb_row][\/et_pb_section][et_pb_section bb_built=&#8221;1&#8243; specialty=&#8221;on&#8221; _builder_version=&#8221;3.0.105&#8243; custom_padding=&#8221;0px|0px|30px|0px&#8221; prev_background_color=&#8221;#000000&#8243; next_background_color=&#8221;#000000&#8243;][et_pb_column type=&#8221;1_2&#8243;][et_pb_image src=&#8221;https:\/\/risam.it\/wp-content\/uploads\/2018\/11\/Catturadecs.png&#8221; _builder_version=&#8221;3.0.105&#8243; custom_margin=&#8221;-1.2vw|||&#8221; show_in_lightbox=&#8221;off&#8221; url_new_window=&#8221;off&#8221; use_overlay=&#8221;off&#8221; always_center_on_mobile=&#8221;on&#8221; force_fullwidth=&#8221;off&#8221; show_bottom_space=&#8221;on&#8221; \/][\/et_pb_column][et_pb_column type=&#8221;1_2&#8243; specialty_columns=&#8221;2&#8243;][et_pb_row_inner custom_padding=&#8221;0px|0px|0px|0px&#8221; _builder_version=&#8221;3.0.105&#8243;][et_pb_column_inner type=&#8221;4_4&#8243; saved_specialty_column_type=&#8221;1_2&#8243;][et_pb_text _builder_version=&#8221;3.0.105&#8243;]<\/p>\n<p>HKS ist DIN EN ISO 9001 zertifiziert.<br \/>\nDie Unternehmen verf\u00fcgt \u00fcber mehrere Zertifikate, die die hohen F\u00e4higkeiten der HKS nachweisen<\/p>\n<p>[\/et_pb_text][et_pb_image src=&#8221;\/wp-content\/uploads\/2018\/10\/RISAM-Certificazioni-HKS.png&#8221; _builder_version=&#8221;3.0.105&#8243; custom_margin=&#8221;-1vw|||&#8221; show_in_lightbox=&#8221;off&#8221; url_new_window=&#8221;off&#8221; use_overlay=&#8221;off&#8221; always_center_on_mobile=&#8221;on&#8221; force_fullwidth=&#8221;off&#8221; show_bottom_space=&#8221;on&#8221; \/][\/et_pb_column_inner][\/et_pb_row_inner][\/et_pb_column][\/et_pb_section][et_pb_section bb_built=&#8221;1&#8243; _builder_version=&#8221;3.0.105&#8243; custom_padding=&#8221;0px|0px|124px|0px&#8221; prev_background_color=&#8221;#000000&#8243; next_background_color=&#8221;#d1d3d4&#8243;][et_pb_row custom_padding=&#8221;0px|0px|0px|0px&#8221; _builder_version=&#8221;3.0.105&#8243; animation_style=&#8221;flip&#8221; animation_intensity_flip=&#8221;15%&#8221;][et_pb_column type=&#8221;4_4&#8243;][et_pb_gallery gallery_ids=&#8221;1147,1148,1149,1150&#8243; gallery_captions=&#8221;,,,&#8221; posts_number=&#8221;4&#8243; show_title_and_caption=&#8221;off&#8221; zoom_icon_color=&#8221;#ffffff&#8221; hover_overlay_color=&#8221;rgba(223,107,9,0.85)&#8221; hover_icon=&#8221;%%51%%&#8221; _builder_version=&#8221;3.0.105&#8243; custom_margin=&#8221;|||&#8221; \/][\/et_pb_column][\/et_pb_row][\/et_pb_section][et_pb_section bb_built=&#8221;1&#8243; background_color=&#8221;#d1d3d4&#8243; custom_padding_last_edited=&#8221;on|desktop&#8221; _builder_version=&#8221;3.0.105&#8243; custom_margin_tablet=&#8221;-40px|||&#8221; custom_margin_phone=&#8221;0px|||&#8221; custom_margin_last_edited=&#8221;on|phone&#8221; custom_padding=&#8221;60px|0px|0px|0px&#8221; custom_padding_tablet=&#8221;60px|0px|54px|0px&#8221; prev_background_color=&#8221;#ffffff&#8221;][et_pb_row custom_padding=&#8221;27px|0px|0px|0px&#8221; custom_margin=&#8221;-150px|||&#8221; background_color_1=&#8221;#5386a0&#8243; background_color_2=&#8221;#bf5917&#8243; padding_right_1=&#8221;30px&#8221; padding_left_1=&#8221;50px&#8221; module_id_1=&#8221;colonna&#8221; disabled_on=&#8221;off|off|off&#8221; _builder_version=&#8221;3.0.105&#8243; custom_margin_phone=&#8221;0px|||&#8221; custom_margin_last_edited=&#8221;on|phone&#8221;][et_pb_column type=&#8221;4_4&#8243;][et_pb_text _builder_version=&#8221;3.0.105&#8243; max_width_last_edited=&#8221;off|desktop&#8221; custom_margin=&#8221;-15px|||26%&#8221; custom_margin_tablet=&#8221;-15px|||-48px&#8221; custom_margin_phone=&#8221;|||-48px&#8221; custom_margin_last_edited=&#8221;on|tablet&#8221;]<\/p>\n<h2><span class=\"secondo-titolo-big\" style=\"color: #2f4a5e; font-size: 5vw;\">KONTAKT<\/span><\/h2>\n<p>[\/et_pb_text][et_pb_text _builder_version=&#8221;3.0.105&#8243; custom_margin=&#8221;40px|||&#8221;]<\/p>\n<p><span style=\"color: #ffffff; font-size: large;\">Brauchen Sie weitere Informationen?<\/span><br \/><span style=\"color: #ffffff;\">Kontaktieren Sie uns<\/span><\/p>\n<p>[\/et_pb_text][\/et_pb_column][\/et_pb_row][et_pb_row custom_padding=&#8221;70px|0px|0px|0px&#8221; background_color=&#8221;#5386a0&#8243; _builder_version=&#8221;3.0.105&#8243;][et_pb_column type=&#8221;1_4&#8243;][et_pb_blurb title=&#8221;TELEFON&#8221; url=&#8221;tel:+39022664846&#8243; use_icon=&#8221;on&#8221; font_icon=&#8221;%%86%%&#8221; icon_color=&#8221;#ffffff&#8221; icon_placement=&#8221;left&#8221; module_id=&#8221;moduloblur&#8221; module_class=&#8221;correzione-dimensione&#8221; _builder_version=&#8221;3.0.105&#8243; header_text_color=&#8221;#2f4a5e&#8221; custom_margin=&#8221;|||20%&#8221; custom_margin_phone=&#8221;|||20px&#8221; custom_margin_last_edited=&#8221;on|phone&#8221; url_new_window=&#8221;off&#8221; use_circle=&#8221;off&#8221; use_circle_border=&#8221;off&#8221; use_icon_font_size=&#8221;off&#8221; background_layout=&#8221;light&#8221;]<\/p>\n<p>&nbsp;<\/p>\n<h5><a href=\"tel:+39022664846\">+ 39 02 2664846<\/a><\/h5>\n<p>&nbsp;<\/p>\n<p>[\/et_pb_blurb][\/et_pb_column][et_pb_column type=&#8221;1_4&#8243;][et_pb_blurb title=&#8221;TELEFAX&#8221; url=&#8221;fax:+3902665400&#8243; use_icon=&#8221;on&#8221; font_icon=&#8221;%%71%%&#8221; icon_color=&#8221;#ffffff&#8221; icon_placement=&#8221;left&#8221; module_id=&#8221;moduloblur&#8221; module_class=&#8221;correzione-dimensione&#8221; _builder_version=&#8221;3.0.105&#8243; header_text_color=&#8221;#2f4a5e&#8221; custom_margin=&#8221;||20px|10%&#8221; custom_margin_phone=&#8221;||20px|20px&#8221; custom_margin_last_edited=&#8221;on|phone&#8221;]<\/p>\n<p>\u00a0<\/p>\n<h5><a href=\"fax:+ 39022665400\">+ 39 02 2665400<\/a><\/h5>\n<p>\u00a0<\/p>\n<p>[\/et_pb_blurb][\/et_pb_column][et_pb_column type=&#8221;1_4&#8243;][et_pb_blurb title=&#8221;EMAIL&#8221; url=&#8221;mailto:risam@risam.it&#8221; use_icon=&#8221;on&#8221; font_icon=&#8221;%%153%%&#8221; icon_color=&#8221;#ffffff&#8221; icon_placement=&#8221;left&#8221; module_id=&#8221;moduloblur&#8221; module_class=&#8221;correzione-dimensione&#8221; _builder_version=&#8221;3.0.105&#8243; header_text_color=&#8221;#2f4a5e&#8221; custom_margin=&#8221;||70px|&#8221; custom_margin_phone=&#8221;||70px|20px&#8221; custom_margin_last_edited=&#8221;on|phone&#8221;]<\/p>\n<p>\u00a0<\/p>\n<h5><a href=\"mailto:risam@risam.it\">risam@risam.it<\/a><\/h5>\n<p>\u00a0<\/p>\n<p>[\/et_pb_blurb][\/et_pb_column][et_pb_column type=&#8221;1_4&#8243;][et_pb_blurb title=&#8221;PEC&#8221; url=&#8221;mailto:risam@pec.risam.it&#8221; use_icon=&#8221;on&#8221; font_icon=&#8221;%%153%%&#8221; icon_color=&#8221;#ffffff&#8221; icon_placement=&#8221;left&#8221; module_id=&#8221;moduloblur&#8221; module_class=&#8221;correzione-dimensione&#8221; _builder_version=&#8221;3.0.105&#8243; header_text_color=&#8221;#2f4a5e&#8221; custom_margin=&#8221;||70px|&#8221; custom_margin_phone=&#8221;||70px|20px&#8221; custom_margin_last_edited=&#8221;on|phone&#8221;]<\/p>\n<p>\u00a0<\/p>\n<h5><a href=\"mailto:risam@pec.risam.it\">risam@pec.risam.it<\/a><\/h5>\n<p>\u00a0<\/p>\n<p>[\/et_pb_blurb][\/et_pb_column][\/et_pb_row][\/et_pb_section]<\/p>\n","protected":false},"excerpt":{"rendered":"<p>HKS KOMPENSATOREN \u00a0 FLEXIBLE L\u00f6sungen f\u00fcr Ihr Rohrsystem Die deutsche Firma HKS, mit Sitz in Rostock, herstellt Kompensatoren und Schl\u00e4uchen mit einem Durchmesser bis zum 7000 mm. HKS-Kompensatoren k\u00f6nnen axial, eckig oder kardanisch sein, in geschwei\u00dfter Ausf\u00fchrung und, bei Bedarf, in Edelstahl ausgef\u00fchrt werden. HKS herstellt Metallkompensatoren, Gummikompensatoren und Gewebekompensatoren f\u00fcr folgenden Industriebereichen: Anlagebau Maschinenbau [&hellip;]<\/p>\n","protected":false},"author":1,"featured_media":0,"parent":1966,"menu_order":4,"comment_status":"closed","ping_status":"closed","template":"","meta":{"_et_pb_use_builder":"on","_et_pb_old_content":"","_et_gb_content_width":"","footnotes":""},"class_list":["post-1938","page","type-page","status-publish","hentry"],"_links":{"self":[{"href":"https:\/\/risam.it\/de\/wp-json\/wp\/v2\/pages\/1938","targetHints":{"allow":["GET"]}}],"collection":[{"href":"https:\/\/risam.it\/de\/wp-json\/wp\/v2\/pages"}],"about":[{"href":"https:\/\/risam.it\/de\/wp-json\/wp\/v2\/types\/page"}],"author":[{"embeddable":true,"href":"https:\/\/risam.it\/de\/wp-json\/wp\/v2\/users\/1"}],"replies":[{"embeddable":true,"href":"https:\/\/risam.it\/de\/wp-json\/wp\/v2\/comments?post=1938"}],"version-history":[{"count":36,"href":"https:\/\/risam.it\/de\/wp-json\/wp\/v2\/pages\/1938\/revisions"}],"predecessor-version":[{"id":2602,"href":"https:\/\/risam.it\/de\/wp-json\/wp\/v2\/pages\/1938\/revisions\/2602"}],"up":[{"embeddable":true,"href":"https:\/\/risam.it\/de\/wp-json\/wp\/v2\/pages\/1966"}],"wp:attachment":[{"href":"https:\/\/risam.it\/de\/wp-json\/wp\/v2\/media?parent=1938"}],"curies":[{"name":"wp","href":"https:\/\/api.w.org\/{rel}","templated":true}]}}