{"id":1966,"date":"2018-10-26T11:56:22","date_gmt":"2018-10-26T11:56:22","guid":{"rendered":"https:\/\/risam.valorebf.eu\/vertrieb\/"},"modified":"2018-12-10T11:32:56","modified_gmt":"2018-12-10T11:32:56","slug":"vertrieb","status":"publish","type":"page","link":"https:\/\/risam.it\/de\/vertrieb\/","title":{"rendered":"VERTRIEB"},"content":{"rendered":"<p>[et_pb_section bb_built=&#8221;1&#8243; _builder_version=&#8221;3.0.105&#8243; background_image=&#8221;https:\/\/risam.it\/wp-content\/uploads\/2018\/03\/RISAM_Header.jpg&#8221; custom_padding=&#8221;90px|0px|90px|0px&#8221; next_background_color=&#8221;#000000&#8243;][et_pb_row _builder_version=&#8221;3.0.47&#8243; background_size=&#8221;initial&#8221; background_position=&#8221;top_left&#8221; background_repeat=&#8221;repeat&#8221;][et_pb_column type=&#8221;4_4&#8243;][et_pb_text _builder_version=&#8221;3.0.105&#8243; custom_margin=&#8221;|||&#8221;]<\/p>\n<h1 style=\"background-color: #b6b8ba; text-align: center;\"><span class=\"secondo-titolo-crt rmtesto6 \" id=\"martinettitrasmissioni\" style=\"font-size: 6vw; color: #ffffff;\">VERTRIEB<\/span><\/h1>\n<p>[\/et_pb_text][\/et_pb_column][\/et_pb_row][\/et_pb_section][et_pb_section bb_built=&#8221;1&#8243; specialty=&#8221;on&#8221; _builder_version=&#8221;3.0.105&#8243; custom_padding=&#8221;54px|0px|0px|0px&#8221; prev_background_color=&#8221;#000000&#8243; next_background_color=&#8221;#000000&#8243;][et_pb_column type=&#8221;1_2&#8243; specialty_columns=&#8221;2&#8243;][et_pb_row_inner custom_padding=&#8221;29.6875px|0px|0px|0px&#8221; _builder_version=&#8221;3.0.105&#8243;][et_pb_column_inner type=&#8221;4_4&#8243; saved_specialty_column_type=&#8221;1_2&#8243;][et_pb_text _builder_version=&#8221;3.0.105&#8243; custom_margin=&#8221;-30px|||&#8221; animation_style=&#8221;slide&#8221; animation_direction=&#8221;left&#8221; animation_intensity_slide=&#8221;1%&#8221; locked=&#8221;off&#8221;]<\/p>\n<h2 style=\"background-color: #b6b8ba;\"><span id=\"testo6\" class=\"secondo-titolo-big testo6\" style=\"font-size: 3vw;\">RISAM VERTRIEB<\/span><\/h2>\n<p>[\/et_pb_text][et_pb_text _builder_version=&#8221;3.0.105&#8243; custom_margin=&#8221;-50px|||&#8221; animation_style=&#8221;slide&#8221; animation_direction=&#8221;left&#8221; animation_intensity_slide=&#8221;1%&#8221; inline_fonts=&#8221;Abel&#8221;]<\/p>\n<h2><span style=\"color: #bf5917;\"><strong><span style=\"font-family: Abel;\">\u00a0<\/span><\/strong><\/span><\/h2>\n<h2 style=\"background-color: #d1d3d4;\"><span color=\"#df6b09\" style=\"color: #df6b09;text-transform: uppercase;\">Seit 1970<\/span><\/h2>\n<p>[\/et_pb_text][\/et_pb_column_inner][\/et_pb_row_inner][\/et_pb_column][et_pb_column type=&#8221;1_2&#8243;][\/et_pb_column][\/et_pb_section][et_pb_section bb_built=&#8221;1&#8243; module_id=&#8221;desc&#8221; _builder_version=&#8221;3.0.105&#8243; custom_margin=&#8221;||10%|&#8221; custom_padding=&#8221;0px|0px|64px|0px&#8221; prev_background_color=&#8221;#000000&#8243; next_background_color=&#8221;#000000&#8243;][et_pb_row use_custom_gutter=&#8221;on&#8221; gutter_width=&#8221;1&#8243; custom_padding=&#8221;27px|0px|0px|0px&#8221; use_background_color_gradient_1=&#8221;on&#8221; background_color_gradient_start_1=&#8221;#bf5917&#8243; background_color_gradient_end_1=&#8221;rgba(209,211,212,0)&#8221; background_color_gradient_direction_1=&#8221;90deg&#8221; background_color_gradient_start_position_1=&#8221;4%&#8221; background_color_gradient_end_position_1=&#8221;0%&#8221; _builder_version=&#8221;3.0.105&#8243;][et_pb_column type=&#8221;1_2&#8243;][et_pb_text background_layout=&#8221;dark&#8221; _builder_version=&#8221;3.0.105&#8243; background_color=&#8221;#2f4a5e&#8221; custom_margin=&#8221;|||20px&#8221; animation_style=&#8221;slide&#8221; animation_direction=&#8221;left&#8221; animation_intensity_slide=&#8221;2%&#8221; animation_starting_opacity=&#8221;100%&#8221;]<\/p>\n<p id=\"pdd\" style=\"padding: 60px 115px 30px 50px;\">Seit der Gr\u00fcndung hat RISAM immer mit wichtigen deutschen Firmen f\u00fcr den Vertrieb von Antriebstechnik und Zubeh\u00f6r an der Energie- \u00d6l- und Gassektor gearbeitet.<br \/>\nAls offizieller Vertriebspartner f\u00fcr den italienischen Markt bietet Risam hochwertige Getriebe, eine breite Palette von Hubgetriebe, Kegelradgetriebe, Kompensatoren und Schl\u00e4uchen an.<br \/>\nRISAM leistet seiner Kunden Qualit\u00e4t, Zuverl\u00e4ssigkeit und Unterst\u00fctzung. <\/p>\n<p>[\/et_pb_text][et_pb_text background_layout=&#8221;dark&#8221; _builder_version=&#8221;3.0.105&#8243; background_color=&#8221;#41687f&#8221; custom_margin=&#8221;|||20px&#8221; animation_style=&#8221;slide&#8221; animation_direction=&#8221;left&#8221; animation_intensity_slide=&#8221;2%&#8221; animation_starting_opacity=&#8221;100%&#8221;]<\/p>\n<p id=\"pdd\" style=\"padding: 30px 115px 30px 50px;\">Die deutsche Firma AGEDA, mit Sitz in Wedel, liefert Standard- oder Sonder-Kegelradgetriebe, mit Schr\u00e4gverzahnte Kegelr\u00e4der, Untersetzungen von 1:1 bis 6:1 mit voll- oder Hohlwelle.<br \/><span style=\"color: #ffffff; font-size: medium;\"><\/span><\/p>\n<p>[\/et_pb_text][et_pb_button _builder_version=&#8221;3.0.105&#8243; \/][et_pb_text background_layout=&#8221;dark&#8221; _builder_version=&#8221;3.0.105&#8243; background_color=&#8221;#5386a0&#8243; custom_margin=&#8221;|||20px&#8221; animation_style=&#8221;slide&#8221; animation_direction=&#8221;left&#8221; animation_intensity_slide=&#8221;2%&#8221; animation_starting_opacity=&#8221;100%&#8221;]<\/p>\n<p id=\"pdd\" style=\"padding: 30px 115px 30px 50px;\"><strong><span>FRAMO-MORAT liegt in Eisenbach, Deutschland.<br \/>\nSeit 1863 realisiert sie Zahnr\u00e4der f\u00fcr die Uhrenindustrie.<\/span><span style=\"color: #ffffff; font-size: medium;\"><\/span><\/strong><\/p>\n<p>[\/et_pb_text][et_pb_text background_layout=&#8221;dark&#8221; _builder_version=&#8221;3.0.105&#8243; background_color=&#8221;#69aac4&#8243; custom_margin=&#8221;|||20px&#8221; animation_style=&#8221;slide&#8221; animation_direction=&#8221;left&#8221; animation_intensity_slide=&#8221;2%&#8221; animation_starting_opacity=&#8221;100%&#8221;]<\/p>\n<p id=\"pdd\" style=\"padding: 30px 115px 60px 50px;\"><span>GROB GmbH Antriebstechnik liegt in Sinsheim, Deutschland. Seit 1945 ist GROB Leader in der Antriebstechnologie.<\/span><br \/><span style=\"color: #d1d3d4; font-size: medium;\"><\/span><\/p>\n<p>[\/et_pb_text][et_pb_text background_layout=&#8221;dark&#8221; _builder_version=&#8221;3.0.105&#8243; background_color=&#8221;#67686b&#8221; custom_margin=&#8221;|||20px&#8221; animation_style=&#8221;slide&#8221; animation_direction=&#8221;left&#8221; animation_intensity_slide=&#8221;2%&#8221; animation_starting_opacity=&#8221;100%&#8221;]<\/p>\n<p id=\"pdd\" style=\"padding: 30px 115px 60px 50px;\"><span>Die deutsche Firma HKS, mit Sitz in Rostock, herstellt Kompensatoren und Schl\u00e4uchen mit einem Durchmesser bis zum 7000 mm.<\/span><br \/> <span style=\"color: #d1d3d4; font-size: medium;\"><\/span><\/p>\n<p>[\/et_pb_text][\/et_pb_column][et_pb_column type=&#8221;1_2&#8243;][et_pb_image src=&#8221;\/wp-content\/uploads\/2018\/10\/Distribuzione-martinetti-risam.jpg&#8221; module_id=&#8221;immagineresp&#8221; module_class=&#8221;spazio-verticale&#8221; _builder_version=&#8221;3.0.105&#8243; custom_margin=&#8221;30%||30px|-50px&#8221; custom_margin_tablet=&#8221;0px|||&#8221; custom_margin_last_edited=&#8221;on|desktop&#8221; show_in_lightbox=&#8221;off&#8221; url_new_window=&#8221;off&#8221; use_overlay=&#8221;off&#8221; always_center_on_mobile=&#8221;on&#8221; force_fullwidth=&#8221;off&#8221; show_bottom_space=&#8221;on&#8221; \/][et_pb_image _builder_version=&#8221;3.0.105&#8243; show_in_lightbox=&#8221;off&#8221; url_new_window=&#8221;off&#8221; use_overlay=&#8221;off&#8221; always_center_on_mobile=&#8221;on&#8221; force_fullwidth=&#8221;off&#8221; show_bottom_space=&#8221;on&#8221; \/][et_pb_blurb image=&#8221;\/wp-content\/uploads\/2018\/06\/RISAM_Icon01-16.png&#8221; background_layout=&#8221;dark&#8221; image_max_width=&#8221;25%&#8221; disabled_on=&#8221;on|on|&#8221; module_id=&#8221;noland&#8221; _builder_version=&#8221;3.0.105&#8243; custom_margin=&#8221;-290px|330px||-300px&#8221; animation_style=&#8221;bounce&#8221; url_new_window=&#8221;off&#8221; use_icon=&#8221;off&#8221; use_circle=&#8221;off&#8221; use_circle_border=&#8221;off&#8221; icon_placement=&#8221;top&#8221; use_icon_font_size=&#8221;off&#8221; \/][\/et_pb_column][\/et_pb_row][\/et_pb_section][et_pb_section bb_built=&#8221;1&#8243; module_id=&#8221;mob&#8221; _builder_version=&#8221;3.0.105&#8243; custom_padding=&#8221;0px|0px|125px|0px&#8221; prev_background_color=&#8221;#000000&#8243; next_background_color=&#8221;#d1d3d4&#8243;][et_pb_row use_custom_gutter=&#8221;on&#8221; gutter_width=&#8221;1&#8243; custom_padding=&#8221;27px|0px|0px|0px&#8221; background_color_gradient_start_1=&#8221;#bf5917&#8243; background_color_gradient_end_1=&#8221;rgba(209,211,212,0)&#8221; background_color_gradient_direction_1=&#8221;90deg&#8221; background_color_gradient_start_position_1=&#8221;4%&#8221; background_color_gradient_end_position_1=&#8221;0%&#8221; _builder_version=&#8221;3.0.105&#8243;][et_pb_column type=&#8221;1_2&#8243;][et_pb_image src=&#8221;\/wp-content\/uploads\/2018\/04\/RISAM_Energia_01.jpg&#8221; module_id=&#8221;immagineresp&#8221; _builder_version=&#8221;3.0.105&#8243; custom_margin=&#8221;35px||30px|-50px&#8221; show_in_lightbox=&#8221;off&#8221; url_new_window=&#8221;off&#8221; use_overlay=&#8221;off&#8221; always_center_on_mobile=&#8221;on&#8221; force_fullwidth=&#8221;off&#8221; show_bottom_space=&#8221;on&#8221; \/][et_pb_blurb image=&#8221;\/wp-content\/uploads\/2018\/03\/RISAM_Icon-03.png&#8221; background_layout=&#8221;dark&#8221; image_max_width=&#8221;25%&#8221; disabled_on=&#8221;on|on|&#8221; module_id=&#8221;noland&#8221; _builder_version=&#8221;3.0.105&#8243; custom_margin=&#8221;-290px|330px||-300px&#8221; animation_style=&#8221;bounce&#8221; url_new_window=&#8221;off&#8221; use_icon=&#8221;off&#8221; use_circle=&#8221;off&#8221; use_circle_border=&#8221;off&#8221; icon_placement=&#8221;top&#8221; use_icon_font_size=&#8221;off&#8221; \/][\/et_pb_column][et_pb_column type=&#8221;1_2&#8243;][et_pb_text background_layout=&#8221;dark&#8221; _builder_version=&#8221;3.0.105&#8243; background_color=&#8221;#2f4a5e&#8221; custom_margin=&#8221;200px|||20px&#8221; custom_margin_phone=&#8221;0px|||20px&#8221; custom_margin_last_edited=&#8221;on|phone&#8221; animation_style=&#8221;slide&#8221; animation_direction=&#8221;left&#8221; animation_intensity_slide=&#8221;2%&#8221; animation_starting_opacity=&#8221;100%&#8221;]<\/p>\n<p id=\"pdd\" style=\"padding: 60px 115px 30px 50px;\">Seit der Gr\u00fcndung hat RISAM immer mit wichtigen deutschen Firmen f\u00fcr den Vertrieb von Antriebstechnik und Zubeh\u00f6r an der Energie- \u00d6l- und Gassektor gearbeitet.<br \/>\nAls offizieller Vertriebspartner f\u00fcr den italienischen Markt bietet Risam hochwertige Getriebe, eine breite Palette von Hubgetriebe, Kegelradgetriebe, Kompensatoren und Schl\u00e4uchen an.<br \/>\nRISAM leistet seiner Kunden Qualit\u00e4t, Zuverl\u00e4ssigkeit und Unterst\u00fctzung.<\/p>\n<p>[\/et_pb_text][et_pb_text background_layout=&#8221;dark&#8221; _builder_version=&#8221;3.0.105&#8243; background_color=&#8221;#41687f&#8221; custom_margin=&#8221;|||20px&#8221; animation_style=&#8221;slide&#8221; animation_direction=&#8221;left&#8221; animation_intensity_slide=&#8221;2%&#8221; animation_starting_opacity=&#8221;100%&#8221;]<\/p>\n<p id=\"pdd\" style=\"padding: 30px 115px 30px 50px;\">La divisione Trasmissioni di <strong>RISAM<\/strong> si avvale per la realizzazione di rinvii angolari della societ\u00e0 tedesca<br \/>\n<span style=\"color: #ffffff; font-size: medium;\"><a href=\"arcus\/\" style=\"color: #ffffff;\"><strong>ARCUS Gmbh.<\/strong><\/a><\/span><\/p>\n<p>[\/et_pb_text][et_pb_button _builder_version=&#8221;3.0.105&#8243; \/][et_pb_text background_layout=&#8221;dark&#8221; _builder_version=&#8221;3.0.105&#8243; background_color=&#8221;#5386a0&#8243; custom_margin=&#8221;|||20px&#8221; animation_style=&#8221;slide&#8221; animation_direction=&#8221;left&#8221; animation_intensity_slide=&#8221;2%&#8221; animation_starting_opacity=&#8221;100%&#8221;]<\/p>\n<p id=\"pdd\" style=\"padding: 30px 115px 30px 50px;\">Die deutsche Firma AGEDA, mit Sitz in Wedel, liefert Standard- oder Sonder-Kegelradgetriebe, mit Schr\u00e4gverzahnte Kegelr\u00e4der, Untersetzungen von 1:1 bis 6:1 mit voll- oder Hohlwelle.<\/p>\n<p>[\/et_pb_text][et_pb_text background_layout=&#8221;dark&#8221; _builder_version=&#8221;3.0.105&#8243; background_color=&#8221;#69aac4&#8243; custom_margin=&#8221;|||20px&#8221; animation_style=&#8221;slide&#8221; animation_direction=&#8221;left&#8221; animation_intensity_slide=&#8221;2%&#8221; animation_starting_opacity=&#8221;100%&#8221;]<\/p>\n<p id=\"pdd\" style=\"padding: 30px 115px 60px 50px;\"><span style=\"color: #ffffff;\">FRAMO-MORAT liegt in Eisenbach, Deutschland.<\/span><\/p>\n<p>[\/et_pb_text][\/et_pb_column][\/et_pb_row][et_pb_row custom_padding=&#8221;0px|0px|0px|0px&#8221; _builder_version=&#8221;3.0.105&#8243;][et_pb_column type=&#8221;4_4&#8243;][et_pb_slider show_arrows=&#8221;off&#8221; _builder_version=&#8221;3.0.105&#8243; header_font=&#8221;||||||||&#8221; custom_margin=&#8221;||30px|&#8221;][et_pb_slide button_link=&#8221;https:\/\/www.apple.com\/it\/shop\/product\/MQG12ZM\/A\/custodia-in-pelle-per-macbook-12-cuoio?fnode=4e388a8a8db889f6c73cedb55ecb34efd2c081bdd4f78eaad242ad9c8bd5ffb270f25652d96c3fcf6db08aa1dd2af3e2c0d7121d7ed7ef64f02fdd3edbb23b66e7b44197b910c3a9df47ac1fccd5875905e995c8286d9b1a3bbfb9f0bfb73e1c9697b12e29933bb0ef8a4d72a10bb5dc&#8221; use_bg_overlay=&#8221;off&#8221; dot_nav_custom_color=&#8221;#2f4a5e&#8221; _builder_version=&#8221;3.0.105&#8243;]<img loading=\"lazy\" decoding=\"async\" src=\"https:\/\/risam.it\/wp-content\/uploads\/2018\/04\/logo.jpg\" width=\"167\" height=\"66\" alt=\"\" class=\"wp-image-316 alignnone size-full\" \/>[\/et_pb_slide][et_pb_slide button_link=&#8221;https:\/\/risam.it\/martinetti-trasmissioni\/heynau\/&#8221; dot_nav_custom_color=&#8221;#2f4a5e&#8221; _builder_version=&#8221;3.0.105&#8243;]<img loading=\"lazy\" decoding=\"async\" src=\"https:\/\/risam.it\/wp-content\/uploads\/2018\/04\/image-300x64.jpg\" width=\"300\" height=\"64\" alt=\"\" class=\"wp-image-315 alignnone size-medium\" srcset=\"https:\/\/risam.it\/wp-content\/uploads\/2018\/04\/image-300x64.jpg 300w, https:\/\/risam.it\/wp-content\/uploads\/2018\/04\/image.jpg 396w\" sizes=\"(max-width: 300px) 100vw, 300px\" \/>[\/et_pb_slide][et_pb_slide button_link=&#8221;https:\/\/risam.it\/martinetti-trasmissioni\/framo\/&#8221; use_bg_overlay=&#8221;off&#8221; dot_nav_custom_color=&#8221;#2f4a5e&#8221; _builder_version=&#8221;3.0.105&#8243;]<img loading=\"lazy\" decoding=\"async\" src=\"https:\/\/risam.it\/wp-content\/uploads\/2018\/04\/framo-morat-gear-technology.jpg\" width=\"270\" height=\"68\" alt=\"\" class=\"wp-image-314 alignnone size-full\" \/>[\/et_pb_slide][\/et_pb_slider][\/et_pb_column][\/et_pb_row][\/et_pb_section][et_pb_section bb_built=&#8221;1&#8243; background_color=&#8221;#d1d3d4&#8243; custom_padding_last_edited=&#8221;on|desktop&#8221; _builder_version=&#8221;3.0.105&#8243; custom_margin_tablet=&#8221;-40px|||&#8221; custom_margin_phone=&#8221;0px|||&#8221; custom_margin_last_edited=&#8221;on|phone&#8221; custom_padding=&#8221;60px|0px|0px|0px&#8221; custom_padding_tablet=&#8221;60px|0px|54px|0px&#8221; prev_background_color=&#8221;#ffffff&#8221; disabled=&#8221;on&#8221; global_module=&#8221;1680&#8243;][et_pb_row global_parent=&#8221;1680&#8243; custom_padding=&#8221;27px|0px|0px|0px&#8221; custom_margin=&#8221;-150px|||&#8221; background_color_1=&#8221;#5386a0&#8243; background_color_2=&#8221;#bf5917&#8243; padding_right_1=&#8221;30px&#8221; padding_left_1=&#8221;50px&#8221; module_id_1=&#8221;colonna&#8221; disabled_on=&#8221;off|off|off&#8221; _builder_version=&#8221;3.0.105&#8243; custom_margin_phone=&#8221;0px|||&#8221; custom_margin_last_edited=&#8221;on|phone&#8221;][et_pb_column type=&#8221;4_4&#8243;][et_pb_text global_parent=&#8221;1680&#8243; _builder_version=&#8221;3.0.105&#8243; max_width_last_edited=&#8221;off|desktop&#8221; custom_margin=&#8221;-15px|||26%&#8221; custom_margin_tablet=&#8221;-15px|||-48px&#8221; custom_margin_phone=&#8221;|||-48px&#8221; custom_margin_last_edited=&#8221;on|tablet&#8221;]<\/p>\n<h2><span class=\"secondo-titolo-big\" style=\"color: #2f4a5e; font-size: 5vw;\">KONTAKT<\/span><\/h2>\n<p>[\/et_pb_text][et_pb_text global_parent=&#8221;1680&#8243; _builder_version=&#8221;3.0.105&#8243; custom_margin=&#8221;40px|||&#8221;]<\/p>\n<p><span style=\"color: #ffffff; font-size: large;\">Brauchen Sie weitere Informationen?<\/span><br \/><span style=\"color: #ffffff;\">Kontaktieren Sie uns<\/span><\/p>\n<p>[\/et_pb_text][\/et_pb_column][\/et_pb_row][et_pb_row global_parent=&#8221;1680&#8243; custom_padding=&#8221;70px|0px|0px|0px&#8221; background_color=&#8221;#5386a0&#8243; _builder_version=&#8221;3.0.105&#8243;][et_pb_column type=&#8221;1_4&#8243;][et_pb_blurb global_parent=&#8221;1680&#8243; title=&#8221;TELEFON&#8221; url=&#8221;tel:+39022664846&#8243; use_icon=&#8221;on&#8221; font_icon=&#8221;%%86%%&#8221; icon_color=&#8221;#ffffff&#8221; icon_placement=&#8221;left&#8221; module_id=&#8221;moduloblur&#8221; module_class=&#8221;correzione-dimensione&#8221; _builder_version=&#8221;3.0.105&#8243; header_text_color=&#8221;#2f4a5e&#8221; custom_margin=&#8221;|||20%&#8221; custom_margin_phone=&#8221;|||20px&#8221; custom_margin_last_edited=&#8221;on|phone&#8221; url_new_window=&#8221;off&#8221; use_circle=&#8221;off&#8221; use_circle_border=&#8221;off&#8221; use_icon_font_size=&#8221;off&#8221; background_layout=&#8221;light&#8221;]<\/p>\n<p>\u00a0<\/p>\n<h5>+ 39 02 2664846<\/h5>\n<p>\u00a0<\/p>\n<p>[\/et_pb_blurb][\/et_pb_column][et_pb_column type=&#8221;1_4&#8243;][et_pb_blurb global_parent=&#8221;1680&#8243; title=&#8221;TELEFAX&#8221; url=&#8221;fax:+3902665400&#8243; use_icon=&#8221;on&#8221; font_icon=&#8221;%%71%%&#8221; icon_color=&#8221;#ffffff&#8221; icon_placement=&#8221;left&#8221; module_id=&#8221;moduloblur&#8221; module_class=&#8221;correzione-dimensione&#8221; _builder_version=&#8221;3.0.105&#8243; header_text_color=&#8221;#2f4a5e&#8221; custom_margin=&#8221;||20px|10%&#8221; custom_margin_phone=&#8221;||20px|20px&#8221; custom_margin_last_edited=&#8221;on|phone&#8221;]<\/p>\n<p>\u00a0<\/p>\n<h5>+ 39 02 2665400<\/h5>\n<p>\u00a0<\/p>\n<p>[\/et_pb_blurb][\/et_pb_column][et_pb_column type=&#8221;1_4&#8243;][et_pb_blurb global_parent=&#8221;1680&#8243; title=&#8221;EMAIL&#8221; url=&#8221;mailto:risam@risam.it&#8221; use_icon=&#8221;on&#8221; font_icon=&#8221;%%153%%&#8221; icon_color=&#8221;#ffffff&#8221; icon_placement=&#8221;left&#8221; module_id=&#8221;moduloblur&#8221; module_class=&#8221;correzione-dimensione&#8221; _builder_version=&#8221;3.0.105&#8243; header_text_color=&#8221;#2f4a5e&#8221; custom_margin=&#8221;||70px|&#8221; custom_margin_phone=&#8221;||70px|20px&#8221; custom_margin_last_edited=&#8221;on|phone&#8221;]<\/p>\n<p>\u00a0<\/p>\n<h5>risam@risam.it<\/h5>\n<p>\u00a0<\/p>\n<p>[\/et_pb_blurb][\/et_pb_column][et_pb_column type=&#8221;1_4&#8243;][et_pb_blurb global_parent=&#8221;1680&#8243; title=&#8221;PEC&#8221; url=&#8221;mailto:risam@pec.risam.it&#8221; use_icon=&#8221;on&#8221; font_icon=&#8221;%%153%%&#8221; icon_color=&#8221;#ffffff&#8221; icon_placement=&#8221;left&#8221; module_id=&#8221;moduloblur&#8221; module_class=&#8221;correzione-dimensione&#8221; _builder_version=&#8221;3.0.105&#8243; header_text_color=&#8221;#2f4a5e&#8221; custom_margin=&#8221;||70px|&#8221; custom_margin_phone=&#8221;||70px|20px&#8221; custom_margin_last_edited=&#8221;on|phone&#8221;]<\/p>\n<p>\u00a0<\/p>\n<h5>risam@pec.risam.it<\/h5>\n<p>\u00a0<\/p>\n<p>[\/et_pb_blurb][\/et_pb_column][\/et_pb_row][\/et_pb_section]<\/p>\n","protected":false},"excerpt":{"rendered":"<p>VERTRIEB RISAM VERTRIEB \u00a0 Seit 1970 Seit der Gr\u00fcndung hat RISAM immer mit wichtigen deutschen Firmen f\u00fcr den Vertrieb von Antriebstechnik und Zubeh\u00f6r an der Energie- \u00d6l- und Gassektor gearbeitet. Als offizieller Vertriebspartner f\u00fcr den italienischen Markt bietet Risam hochwertige Getriebe, eine breite Palette von Hubgetriebe, Kegelradgetriebe, Kompensatoren und Schl\u00e4uchen an. RISAM leistet seiner Kunden [&hellip;]<\/p>\n","protected":false},"author":1,"featured_media":0,"parent":0,"menu_order":3,"comment_status":"closed","ping_status":"closed","template":"","meta":{"_et_pb_use_builder":"on","_et_pb_old_content":"","_et_gb_content_width":"","footnotes":""},"class_list":["post-1966","page","type-page","status-publish","hentry"],"_links":{"self":[{"href":"https:\/\/risam.it\/de\/wp-json\/wp\/v2\/pages\/1966","targetHints":{"allow":["GET"]}}],"collection":[{"href":"https:\/\/risam.it\/de\/wp-json\/wp\/v2\/pages"}],"about":[{"href":"https:\/\/risam.it\/de\/wp-json\/wp\/v2\/types\/page"}],"author":[{"embeddable":true,"href":"https:\/\/risam.it\/de\/wp-json\/wp\/v2\/users\/1"}],"replies":[{"embeddable":true,"href":"https:\/\/risam.it\/de\/wp-json\/wp\/v2\/comments?post=1966"}],"version-history":[{"count":12,"href":"https:\/\/risam.it\/de\/wp-json\/wp\/v2\/pages\/1966\/revisions"}],"predecessor-version":[{"id":2680,"href":"https:\/\/risam.it\/de\/wp-json\/wp\/v2\/pages\/1966\/revisions\/2680"}],"wp:attachment":[{"href":"https:\/\/risam.it\/de\/wp-json\/wp\/v2\/media?parent=1966"}],"curies":[{"name":"wp","href":"https:\/\/api.w.org\/{rel}","templated":true}]}}