{"id":1992,"date":"2018-10-26T13:48:41","date_gmt":"2018-10-26T13:48:41","guid":{"rendered":"https:\/\/risam.valorebf.eu\/uber-uns\/"},"modified":"2018-11-30T19:58:48","modified_gmt":"2018-11-30T19:58:48","slug":"uber-uns","status":"publish","type":"page","link":"https:\/\/risam.it\/de\/uber-uns\/","title":{"rendered":"\u00dcBER UNS"},"content":{"rendered":"<p>[et_pb_section bb_built=&#8221;1&#8243; _builder_version=&#8221;3.0.105&#8243; background_image=&#8221;https:\/\/risam.it\/wp-content\/uploads\/2018\/03\/RISAM_Header.jpg&#8221; custom_padding=&#8221;90px|0px|90px|0px&#8221; next_background_color=&#8221;#000000&#8243;][et_pb_row _builder_version=&#8221;3.0.47&#8243; background_size=&#8221;initial&#8221; background_position=&#8221;top_left&#8221; background_repeat=&#8221;repeat&#8221;][et_pb_column type=&#8221;4_4&#8243;][et_pb_text _builder_version=&#8221;3.0.105&#8243; custom_margin=&#8221;|||NaNpx&#8221;]<\/p>\n<h1 style=\"background-color: #b6b8ba; text-align: center;\"><span class=\"secondo-titolo-crt\" style=\"font-size: 6vw; color: #ffffff;\">\u00dcBER UNS<\/span><\/h1>\n<p>[\/et_pb_text][\/et_pb_column][\/et_pb_row][\/et_pb_section][et_pb_section bb_built=&#8221;1&#8243; module_id=&#8221;marginbottom&#8221; custom_padding_last_edited=&#8221;on|phone&#8221; _builder_version=&#8221;3.0.105&#8243; use_background_color_gradient=&#8221;on&#8221; background_color_gradient_start=&#8221;#ffffff&#8221; background_color_gradient_end=&#8221;rgba(209,211,212,0.68)&#8221; background_color_gradient_direction=&#8221;1deg&#8221; background_color_gradient_overlays_image=&#8221;on&#8221; background_image=&#8221;https:\/\/risam.it\/wp-content\/uploads\/2018\/06\/Senza-titolo-1_Tavola-disegno-1.jpg&#8221; custom_padding=&#8221;90px|0px|45px|0px&#8221; custom_padding_phone=&#8221;90px|0px|164px|0px&#8221; prev_background_color=&#8221;#000000&#8243; next_background_color=&#8221;#000000&#8243;][et_pb_row custom_padding=&#8221;27px|0px|0px|0px&#8221; background_size_2=&#8221;cover&#8221; background_position_2=&#8221;center&#8221; use_background_color_gradient_2=&#8221;off&#8221; background_color_gradient_start_2=&#8221;#d1d3d4&#8243; background_color_gradient_end_2=&#8221;#29c4a9&#8243; _builder_version=&#8221;3.0.105&#8243; background_size=&#8221;initial&#8221; background_position=&#8221;top_left&#8221; background_repeat=&#8221;repeat&#8221;][et_pb_column type=&#8221;1_2&#8243;][et_pb_text _builder_version=&#8221;3.0.105&#8243; custom_margin=&#8221;|||&#8221; animation_style=&#8221;slide&#8221; animation_direction=&#8221;left&#8221; animation_intensity_slide=&#8221;1%&#8221;]<\/p>\n<h2 style=\"background-color: #b6b8ba;\"><span id=\"certificazioni6\" class=\"secondo-titolo-crt certificazioni6\" style=\"font-size: 3vw;\">\u00dcBER UNS<\/span><\/h2>\n<p>[\/et_pb_text][et_pb_text _builder_version=&#8221;3.0.105&#8243; custom_margin=&#8221;-50px|||&#8221; animation_style=&#8221;slide&#8221; animation_direction=&#8221;left&#8221; animation_intensity_slide=&#8221;1%&#8221; inline_fonts=&#8221;Abel&#8221;]<\/p>\n<h2><span style=\"color: #bf5917;\"><strong><span style=\"font-family: Abel;\">\u00a0<\/span><\/strong><\/span><\/h2>\n<h2 style=\"background-color: #d1d3d4;\"><span style=\"color: #df6b09;text-transform: uppercase;\">50 Jahre Erfahrung <\/span><\/h2>\n<p>[\/et_pb_text][\/et_pb_column][et_pb_column type=&#8221;1_2&#8243;][\/et_pb_column][\/et_pb_row][et_pb_row custom_padding=&#8221;0px|0px|0px|0px&#8221; make_equal=&#8221;on&#8221; _builder_version=&#8221;3.0.105&#8243;][et_pb_column type=&#8221;1_2&#8243;][et_pb_text _builder_version=&#8221;3.0.105&#8243; custom_margin=&#8221;70px||3vw|&#8221; custom_margin_tablet=&#8221;0px|0px||&#8221; custom_margin_last_edited=&#8221;on|tablet&#8221; animation_style=&#8221;fade&#8221; animation_direction=&#8221;left&#8221;]<\/p>\n<p style=\"text-align: justify;\">\nRISAM srl mit Sitz in Mailand, Italien, hat bald 50 Jahre Erfahrung in Hubgetriebe und ist nach ISO 9001:2015 zertifiziert.<br \/>\nDie Erfahrung, die wir im Laufe der Jahre gesammelt haben, hat uns erlaubt Produkte zu entwickeln und erneuern wie z. B.  Hubgetriebe und Antriebsgetriebe dank auch eines technischen Prozesses und der Verwendung der besten Materialen und Produktionsverfahren.<br \/>\nRISAM verkauft seine Hubgetriebe in verschiedenen Branchen: Stahlberarbeitungsindustrie, Stahlgiesserei, Walzwerke Stahlwerke, Automotive, Flugzeugindustrie, Marine, Schienenfahrzeuge, Erdbewegung, Bergbau, Nuklear, Solar, Pharmaindustrie und Verpackung.<br \/>\nRISAM bietet zwei Standardproduktlinie an, RSJ und DSJ, zus\u00e4tzlich zu den INOX Hubgetriebe oder Sonderhubgetriebe auf Anfrage. RISAM gew\u00e4hrleistet spezifische kommerzielle und technische Unterst\u00fctzung in direkter Zusammenarbeit mit dem Kunden.<br \/>\nRISAM arbeitet zusammen mit den besten Firmen in der Luftfahrtindustrie. Risam liefert Antriebstechnik, von der Planung bis zur Ausf\u00fchrung, in der Flugzeugsindustrie.\n<\/p>\n<p>[\/et_pb_text][\/et_pb_column][et_pb_column type=&#8221;1_2&#8243;][et_pb_image src=&#8221;\/wp-content\/uploads\/2018\/10\/RISAM-Martinetti-old-style-01.png&#8221; module_id=&#8221;immagine-dx&#8221; _builder_version=&#8221;3.0.105&#8243; max_width=&#8221;62%&#8221; module_alignment=&#8221;center&#8221; custom_margin=&#8221;5vw|||&#8221; show_in_lightbox=&#8221;off&#8221; url_new_window=&#8221;off&#8221; use_overlay=&#8221;off&#8221; always_center_on_mobile=&#8221;on&#8221; force_fullwidth=&#8221;off&#8221; show_bottom_space=&#8221;on&#8221; \/][\/et_pb_column][\/et_pb_row][et_pb_row disabled_on=&#8221;on|on|&#8221; _builder_version=&#8221;3.0.105&#8243;][et_pb_column type=&#8221;1_4&#8243;][et_pb_blurb title=&#8221;HUBGETRIEBE&#8221; url=&#8221;\/martinetti-meccanici\/&#8221; image=&#8221;\/wp-content\/uploads\/2018\/06\/RISAM_Icona-13.png&#8221; image_max_width=&#8221;65%&#8221; disabled_on=&#8221;on|on|&#8221; module_id=&#8221;desktop&#8221; module_class=&#8221;image-zoom&#8221; _builder_version=&#8221;3.0.105&#8243; header_text_align=&#8221;center&#8221; header_font_size=&#8221;14px&#8221; header_text_color=&#8221;#2f4a5e&#8221; header_letter_spacing=&#8221;1px&#8221; custom_margin=&#8221;|||&#8221; custom_margin_tablet=&#8221;0px|||&#8221; custom_margin_last_edited=&#8221;on|tablet&#8221; animation_style=&#8221;bounce&#8221; url_new_window=&#8221;off&#8221; use_icon=&#8221;off&#8221; use_circle=&#8221;off&#8221; use_circle_border=&#8221;off&#8221; icon_placement=&#8221;top&#8221; use_icon_font_size=&#8221;off&#8221; background_layout=&#8221;light&#8221; \/][\/et_pb_column][et_pb_column type=&#8221;1_4&#8243;][et_pb_blurb title=&#8221;PARTNERSHIP&#8221; url=&#8221;\/partnership\/&#8221; image=&#8221;\/wp-content\/uploads\/2018\/06\/RISAM_Icon00-15.png&#8221; image_max_width=&#8221;65%&#8221; disabled_on=&#8221;on|on|&#8221; module_id=&#8221;desktop&#8221; module_class=&#8221;image-zoom&#8221; _builder_version=&#8221;3.0.105&#8243; header_text_align=&#8221;center&#8221; header_font_size=&#8221;14px&#8221; header_text_color=&#8221;#2f4a5e&#8221; header_letter_spacing=&#8221;1px&#8221; body_line_height=&#8221;2.1em&#8221; custom_margin=&#8221;|||&#8221; custom_margin_last_edited=&#8221;on|phone&#8221; animation_style=&#8221;bounce&#8221; animation_delay=&#8221;250ms&#8221; url_new_window=&#8221;off&#8221; use_icon=&#8221;off&#8221; use_circle=&#8221;off&#8221; use_circle_border=&#8221;off&#8221; icon_placement=&#8221;top&#8221; use_icon_font_size=&#8221;off&#8221; background_layout=&#8221;light&#8221; \/][\/et_pb_column][et_pb_column type=&#8221;1_4&#8243;][et_pb_blurb title=&#8221;LUFTFAHRT&#8221; url=&#8221;\/prodotti\/aerospaziale\/&#8221; image=&#8221;\/wp-content\/uploads\/2018\/06\/RISAM_Icon00-14.png&#8221; image_max_width=&#8221;65%&#8221; disabled_on=&#8221;on|on|&#8221; module_id=&#8221;desktop&#8221; module_class=&#8221;image-zoom&#8221; _builder_version=&#8221;3.0.105&#8243; header_text_align=&#8221;center&#8221; header_font_size=&#8221;14px&#8221; header_text_color=&#8221;#2f4a5e&#8221; header_letter_spacing=&#8221;1px&#8221; custom_margin=&#8221;|||&#8221; custom_margin_tablet=&#8221;0px|||&#8221; custom_margin_last_edited=&#8221;on|phone&#8221; animation_style=&#8221;bounce&#8221; animation_delay=&#8221;150ms&#8221; url_new_window=&#8221;off&#8221; use_icon=&#8221;off&#8221; use_circle=&#8221;off&#8221; use_circle_border=&#8221;off&#8221; icon_placement=&#8221;top&#8221; use_icon_font_size=&#8221;off&#8221; background_layout=&#8221;light&#8221; \/][\/et_pb_column][et_pb_column type=&#8221;1_4&#8243;][et_pb_blurb title=&#8221;VERTRIEB&#8221; url=&#8221;\/distribuzioni\/&#8221; image=&#8221;\/wp-content\/uploads\/2018\/06\/RISAM_Icon00-16.png&#8221; image_max_width=&#8221;65%&#8221; disabled_on=&#8221;on|on|&#8221; module_id=&#8221;desktop&#8221; module_class=&#8221;image-zoom&#8221; _builder_version=&#8221;3.0.105&#8243; header_text_align=&#8221;center&#8221; header_font_size=&#8221;14px&#8221; header_text_color=&#8221;#2f4a5e&#8221; header_letter_spacing=&#8221;1px&#8221; custom_margin=&#8221;|||&#8221; custom_margin_last_edited=&#8221;on|phone&#8221; animation_style=&#8221;bounce&#8221; animation_delay=&#8221;250ms&#8221; url_new_window=&#8221;off&#8221; use_icon=&#8221;off&#8221; use_circle=&#8221;off&#8221; use_circle_border=&#8221;off&#8221; icon_placement=&#8221;top&#8221; use_icon_font_size=&#8221;off&#8221; background_layout=&#8221;light&#8221; \/][\/et_pb_column][\/et_pb_row][\/et_pb_section][et_pb_section bb_built=&#8221;1&#8243; disabled_on=&#8221;on|off|&#8221; _builder_version=&#8221;3.0.105&#8243; custom_padding=&#8221;54px|0px|0px|0px&#8221; prev_background_color=&#8221;#000000&#8243; next_background_color=&#8221;#000000&#8243;][et_pb_row custom_padding=&#8221;0px|0px|27px|0px&#8221; custom_margin=&#8221;-3vw|||&#8221; _builder_version=&#8221;3.0.105&#8243; custom_margin_phone=&#8221;-7.5vw|||&#8221; custom_margin_last_edited=&#8221;on|desktop&#8221;][et_pb_column type=&#8221;1_3&#8243;][et_pb_text _builder_version=&#8221;3.0.105&#8243; custom_margin=&#8221;2.5vw|||&#8221; animation_style=&#8221;slide&#8221; animation_direction=&#8221;left&#8221; animation_intensity_slide=&#8221;1%&#8221;]<\/p>\n<h2 style=\"background-color: #b6b8ba;\"><span class=\"certificazioni\" style=\"font-size: 2vw;\"><br \/>\nZERTIFIZIERUNGEN<\/span><\/h2>\n<p>[\/et_pb_text][\/et_pb_column][et_pb_column type=&#8221;1_3&#8243;][et_pb_blurb url_new_window=&#8221;on&#8221; image=&#8221;\/wp-content\/uploads\/2018\/10\/Marchio-ACCREDIA-Organizzazioni-certificate_bn_150.jpg&#8221; image_max_width=&#8221;29%&#8221; image_max_width_phone=&#8221;24%&#8221; image_max_width_last_edited=&#8221;on|desktop&#8221; _builder_version=&#8221;3.0.105&#8243; text_orientation=&#8221;center&#8221; custom_margin=&#8221;||3vw|&#8221; custom_margin_tablet=&#8221;||0px|&#8221; custom_margin_phone=&#8221;-3px|||&#8221; custom_margin_last_edited=&#8221;on|phone&#8221; animation_style=&#8221;bounce&#8221; use_icon=&#8221;off&#8221; use_circle=&#8221;off&#8221; use_circle_border=&#8221;off&#8221; icon_placement=&#8221;top&#8221; use_icon_font_size=&#8221;off&#8221; background_layout=&#8221;light&#8221; \/][\/et_pb_column][et_pb_column type=&#8221;1_3&#8243;][et_pb_blurb url=&#8221;\/wp-content\/uploads\/2018\/10\/RISAM-SRL-9001.pdf&#8221; url_new_window=&#8221;on&#8221; image=&#8221;\/wp-content\/uploads\/2018\/10\/BV_certification_9001_tracciati.jpg&#8221; image_max_width=&#8221;80%&#8221; image_max_width_phone=&#8221;40%&#8221; image_max_width_last_edited=&#8221;on|desktop&#8221; _builder_version=&#8221;3.0.105&#8243; text_orientation=&#8221;center&#8221; custom_margin=&#8221;-0.5vw|||&#8221; custom_margin_phone=&#8221;-3vw||-4vw|&#8221; custom_margin_last_edited=&#8221;on|desktop&#8221; animation_style=&#8221;bounce&#8221; use_icon=&#8221;off&#8221; use_circle=&#8221;off&#8221; use_circle_border=&#8221;off&#8221; icon_placement=&#8221;top&#8221; use_icon_font_size=&#8221;off&#8221; background_layout=&#8221;light&#8221; \/][\/et_pb_column][\/et_pb_row][\/et_pb_section][et_pb_section bb_built=&#8221;1&#8243; _builder_version=&#8221;3.0.105&#8243; prev_background_color=&#8221;#000000&#8243; next_background_color=&#8221;#000000&#8243;][et_pb_row _builder_version=&#8221;3.0.47&#8243; background_size=&#8221;initial&#8221; background_position=&#8221;top_left&#8221; background_repeat=&#8221;repeat&#8221;][et_pb_column type=&#8221;4_4&#8243;][et_pb_text disabled_on=&#8221;|on|on&#8221; _builder_version=&#8221;3.0.105&#8243; custom_margin=&#8221;|||&#8221; animation_style=&#8221;slide&#8221; animation_direction=&#8221;left&#8221; animation_intensity_slide=&#8221;1%&#8221;]<\/p>\n<h2 style=\"background-color: #b6b8ba;\"><span class=\"certificazioni6\" style=\"font-size: 8vw;\">ZERTIFIZIERUNGEN<\/span><\/h2>\n<p>[\/et_pb_text][et_pb_code disabled_on=&#8221;|on|on&#8221; _builder_version=&#8221;3.0.105&#8243;]&lt;div class=&quot;contenitore&quot; style=&quot;display:inline-block;&quot;&gt;&lt;!&#8211; [et_pb_line_break_holder] &#8211;&gt;&lt;div class=&quot;sinistra&quot; style=&quot;display:inline-block;width:49%&quot;&gt;&lt;!&#8211; [et_pb_line_break_holder] &#8211;&gt;&lt;img src=&quot;\/wp-content\/uploads\/2018\/10\/Marchio-ACCREDIA-Organizzazioni-certificate_bn_150.jpg&quot;&gt;&lt;!&#8211; [et_pb_line_break_holder] &#8211;&gt;&lt;\/div&gt;&lt;!&#8211; [et_pb_line_break_holder] &#8211;&gt;&lt;div class=&quot;destra&quot; style=&quot;display:inline-block;width:49%;&quot;&gt;&lt;!&#8211; [et_pb_line_break_holder] &#8211;&gt;&lt;a href=&quot;\/wp-content\/uploads\/2018\/10\/RISAM-SRL-9001.pdf&quot; target=&quot;_blank&quot;&gt;&lt;!&#8211; [et_pb_line_break_holder] &#8211;&gt;&lt;img src=&quot;\/wp-content\/uploads\/2018\/10\/BV_certification_9001_tracciati.jpg&quot;&gt;&lt;\/a&gt;&lt;!&#8211; [et_pb_line_break_holder] &#8211;&gt;&lt;\/div&gt;&lt;!&#8211; [et_pb_line_break_holder] &#8211;&gt;&lt;\/div&gt;&lt;!&#8211; [et_pb_line_break_holder] &#8211;&gt;[\/et_pb_code][\/et_pb_column][\/et_pb_row][\/et_pb_section][et_pb_section bb_built=&#8221;1&#8243; disabled_on=&#8221;off|off|on&#8221; module_id=&#8221;mob2&#8243; _builder_version=&#8221;3.0.105&#8243; custom_margin=&#8221;-100px|||&#8221; custom_margin_last_edited=&#8221;on|phone&#8221; custom_padding=&#8221;54px|0px|20px|0px&#8221; prev_background_color=&#8221;#000000&#8243; next_background_color=&#8221;#d1d3d4&#8243;][et_pb_row _builder_version=&#8221;3.0.105&#8243; background_size=&#8221;initial&#8221; background_position=&#8221;top_left&#8221; background_repeat=&#8221;repeat&#8221;][et_pb_column type=&#8221;4_4&#8243;][et_pb_image src=&#8221;\/wp-content\/uploads\/2018\/03\/RISAM_Chisiamo_023.jpg&#8221; disabled_on=&#8221;||on&#8221; _builder_version=&#8221;3.0.105&#8243; show_in_lightbox=&#8221;off&#8221; url_new_window=&#8221;off&#8221; use_overlay=&#8221;off&#8221; always_center_on_mobile=&#8221;on&#8221; force_fullwidth=&#8221;off&#8221; show_bottom_space=&#8221;on&#8221; \/][et_pb_code disabled_on=&#8221;||on&#8221; _builder_version=&#8221;3.0.105&#8243; custom_margin=&#8221;-50px|||&#8221;]&lt;center&gt;&lt;!&#8211; [et_pb_line_break_holder] &#8211;&gt;&lt;div style=&quot;display:inline&quot;&gt;&lt;!&#8211; [et_pb_line_break_holder] &#8211;&gt;&lt;a href=&quot;\/martinetti-meccanici\/&quot;&gt;&lt;span class=&quot;et_pb_image_wrap&quot;&gt;&lt;img id=&quot;img2&quot; src=&quot;\/wp-content\/uploads\/2018\/06\/RISAM_Icona-13.png&quot; alt=&quot;&quot; class=&quot;et-waypoint et_pb_animation_top et-animated&quot;&gt;&lt;\/span&gt;&lt;\/a&gt;&lt;!&#8211; [et_pb_line_break_holder] &#8211;&gt;&lt;\/div&gt;&lt;!&#8211; [et_pb_line_break_holder] &#8211;&gt;&lt;div style=&quot;display:inline;&quot;&gt;&lt;!&#8211; [et_pb_line_break_holder] &#8211;&gt;&lt;a href=&quot;\/aerospace\/&quot;&gt;&lt;span class=&quot;et_pb_image_wrap&quot;&gt;&lt;img id=&quot;img2&quot; src=&quot;\/wp-content\/uploads\/2018\/06\/RISAM_Icon00-14.png&quot; alt=&quot;&quot; class=&quot;et-waypoint et_pb_animation_top et-animated&quot;&gt;&lt;\/span&gt;&lt;\/a&gt;&lt;!&#8211; [et_pb_line_break_holder] &#8211;&gt;&lt;\/div&gt;&lt;!&#8211; [et_pb_line_break_holder] &#8211;&gt;&lt;div style=&quot;display:inline;&quot;&gt;&lt;!&#8211; [et_pb_line_break_holder] &#8211;&gt;&lt;a href=&quot;\/partnership\/&quot;&gt;&lt;span class=&quot;et_pb_image_wrap&quot;&gt;&lt;img id=&quot;img2&quot; src=&quot;\/wp-content\/uploads\/2018\/06\/RISAM_Icon00-15.png&quot; alt=&quot;&quot; class=&quot;et-waypoint et_pb_animation_top et-animated&quot;&gt;&lt;\/span&gt;&lt;\/a&gt;&lt;!&#8211; [et_pb_line_break_holder] &#8211;&gt;&lt;\/div&gt;&lt;!&#8211; [et_pb_line_break_holder] &#8211;&gt;&lt;div style=&quot;display:inline&quot;&gt;&lt;!&#8211; [et_pb_line_break_holder] &#8211;&gt;&lt;a href=&quot;\/distribuzioni\/&quot;&gt;&lt;span class=&quot;et_pb_image_wrap&quot;&gt;&lt;img &lt;!&#8211; [et_pb_line_break_holder] &#8211;&gt; id=&quot;img2&quot; src=&quot;\/wp-content\/uploads\/2018\/06\/RISAM_Icon00-16.png&quot; alt=&quot;&quot; class=&quot;et-waypoint et_pb_animation_top et-animated&quot;&gt;&lt;\/span&gt;&lt;\/a&gt;&lt;!&#8211; [et_pb_line_break_holder] &#8211;&gt;&lt;\/div&gt;&lt;!&#8211; [et_pb_line_break_holder] &#8211;&gt;&lt;\/center&gt;[\/et_pb_code][\/et_pb_column][\/et_pb_row][\/et_pb_section][et_pb_section bb_built=&#8221;1&#8243; background_color=&#8221;#d1d3d4&#8243; custom_padding_last_edited=&#8221;on|desktop&#8221; _builder_version=&#8221;3.0.105&#8243; custom_margin_tablet=&#8221;-40px|||&#8221; custom_margin_phone=&#8221;0px|||&#8221; custom_margin_last_edited=&#8221;on|phone&#8221; custom_padding=&#8221;60px|0px|0px|0px&#8221; custom_padding_tablet=&#8221;60px|0px|54px|0px&#8221; prev_background_color=&#8221;#ffffff&#8221; global_module=&#8221;1680&#8243;][et_pb_row global_parent=&#8221;1680&#8243; custom_padding=&#8221;27px|0px|0px|0px&#8221; custom_margin=&#8221;-150px|||&#8221; background_color_1=&#8221;#5386a0&#8243; background_color_2=&#8221;#bf5917&#8243; padding_right_1=&#8221;30px&#8221; padding_left_1=&#8221;50px&#8221; module_id_1=&#8221;colonna&#8221; disabled_on=&#8221;off|off|off&#8221; _builder_version=&#8221;3.0.105&#8243; custom_margin_phone=&#8221;0px|||&#8221; custom_margin_last_edited=&#8221;on|phone&#8221;][et_pb_column type=&#8221;4_4&#8243;][et_pb_text global_parent=&#8221;1680&#8243; _builder_version=&#8221;3.0.105&#8243; max_width_last_edited=&#8221;off|desktop&#8221; custom_margin=&#8221;-15px|||26%&#8221; custom_margin_tablet=&#8221;-15px|||-48px&#8221; custom_margin_phone=&#8221;|||-48px&#8221; custom_margin_last_edited=&#8221;on|tablet&#8221;]<\/p>\n<h2><span class=\"secondo-titolo-big\" style=\"color: #2f4a5e; font-size: 5vw;\">KONTAKT<\/span><\/h2>\n<p>[\/et_pb_text][et_pb_text global_parent=&#8221;1680&#8243; _builder_version=&#8221;3.0.105&#8243; custom_margin=&#8221;40px|||&#8221;]<\/p>\n<p><span style=\"color: #ffffff; font-size: large;\">Brauchen Sie weitere Informationen?<\/span><br \/><span style=\"color: #ffffff;\">Kontaktieren Sie uns<\/span><\/p>\n<p>[\/et_pb_text][\/et_pb_column][\/et_pb_row][et_pb_row global_parent=&#8221;1680&#8243; custom_padding=&#8221;70px|0px|0px|0px&#8221; background_color=&#8221;#5386a0&#8243; _builder_version=&#8221;3.0.105&#8243;][et_pb_column type=&#8221;1_4&#8243;][et_pb_blurb global_parent=&#8221;1680&#8243; title=&#8221;TELEFON&#8221; url=&#8221;tel:+39022664846&#8243; use_icon=&#8221;on&#8221; font_icon=&#8221;%%86%%&#8221; icon_color=&#8221;#ffffff&#8221; icon_placement=&#8221;left&#8221; module_id=&#8221;moduloblur&#8221; module_class=&#8221;correzione-dimensione&#8221; _builder_version=&#8221;3.0.105&#8243; header_text_color=&#8221;#2f4a5e&#8221; custom_margin=&#8221;|||20%&#8221; custom_margin_phone=&#8221;|||20px&#8221; custom_margin_last_edited=&#8221;on|phone&#8221; url_new_window=&#8221;off&#8221; use_circle=&#8221;off&#8221; use_circle_border=&#8221;off&#8221; use_icon_font_size=&#8221;off&#8221; background_layout=&#8221;light&#8221;]<\/p>\n<h5><a href=\"tel:+39022664846\">+ 39 02 2664846<\/a><\/h5>\n<p>[\/et_pb_blurb][\/et_pb_column][et_pb_column type=&#8221;1_4&#8243;][et_pb_blurb global_parent=&#8221;1680&#8243; title=&#8221;TELEFAX&#8221; url=&#8221;fax:+3902665400&#8243; use_icon=&#8221;on&#8221; font_icon=&#8221;%%71%%&#8221; icon_color=&#8221;#ffffff&#8221; icon_placement=&#8221;left&#8221; module_id=&#8221;moduloblur&#8221; module_class=&#8221;correzione-dimensione&#8221; _builder_version=&#8221;3.0.105&#8243; header_text_color=&#8221;#2f4a5e&#8221; custom_margin=&#8221;||20px|10%&#8221; custom_margin_phone=&#8221;||20px|20px&#8221; custom_margin_last_edited=&#8221;on|phone&#8221;]<\/p>\n<h5><a href=\"fax:+ 39022665400\">+ 39 02 2665400<\/a><\/h5>\n<p>[\/et_pb_blurb][\/et_pb_column][et_pb_column type=&#8221;1_4&#8243;][et_pb_blurb global_parent=&#8221;1680&#8243; title=&#8221;EMAIL&#8221; url=&#8221;mailto:risam@risam.it&#8221; use_icon=&#8221;on&#8221; font_icon=&#8221;%%153%%&#8221; icon_color=&#8221;#ffffff&#8221; icon_placement=&#8221;left&#8221; module_id=&#8221;moduloblur&#8221; module_class=&#8221;correzione-dimensione&#8221; _builder_version=&#8221;3.0.105&#8243; header_text_color=&#8221;#2f4a5e&#8221; custom_margin=&#8221;||70px|&#8221; custom_margin_phone=&#8221;||70px|20px&#8221; custom_margin_last_edited=&#8221;on|phone&#8221;]<\/p>\n<h5><a href=\"mailto:risam@risam.it\">risam@risam.it<\/a><\/h5>\n<p>[\/et_pb_blurb][\/et_pb_column][et_pb_column type=&#8221;1_4&#8243;][et_pb_blurb global_parent=&#8221;1680&#8243; title=&#8221;PEC&#8221; url=&#8221;mailto:risam@pec.risam.it&#8221; use_icon=&#8221;on&#8221; font_icon=&#8221;%%153%%&#8221; icon_color=&#8221;#ffffff&#8221; icon_placement=&#8221;left&#8221; module_id=&#8221;moduloblur&#8221; module_class=&#8221;correzione-dimensione&#8221; _builder_version=&#8221;3.0.105&#8243; header_text_color=&#8221;#2f4a5e&#8221; custom_margin=&#8221;||70px|&#8221; custom_margin_phone=&#8221;||70px|20px&#8221; custom_margin_last_edited=&#8221;on|phone&#8221;]<\/p>\n<h5><a href=\"mailto:risam@pec.risam.it\">risam@pec.risam.it<\/a><\/h5>\n<p>[\/et_pb_blurb][\/et_pb_column][\/et_pb_row][\/et_pb_section]<\/p>\n","protected":false},"excerpt":{"rendered":"<p>\u00dcBER UNS \u00dcBER UNS \u00a0 50 Jahre Erfahrung RISAM srl mit Sitz in Mailand, Italien, hat bald 50 Jahre Erfahrung in Hubgetriebe und ist nach ISO 9001:2015 zertifiziert. Die Erfahrung, die wir im Laufe der Jahre gesammelt haben, hat uns erlaubt Produkte zu entwickeln und erneuern wie z. B. Hubgetriebe und Antriebsgetriebe dank auch eines [&hellip;]<\/p>\n","protected":false},"author":1,"featured_media":0,"parent":0,"menu_order":1,"comment_status":"closed","ping_status":"closed","template":"","meta":{"_et_pb_use_builder":"on","_et_pb_old_content":"","_et_gb_content_width":"","footnotes":""},"class_list":["post-1992","page","type-page","status-publish","hentry"],"_links":{"self":[{"href":"https:\/\/risam.it\/de\/wp-json\/wp\/v2\/pages\/1992","targetHints":{"allow":["GET"]}}],"collection":[{"href":"https:\/\/risam.it\/de\/wp-json\/wp\/v2\/pages"}],"about":[{"href":"https:\/\/risam.it\/de\/wp-json\/wp\/v2\/types\/page"}],"author":[{"embeddable":true,"href":"https:\/\/risam.it\/de\/wp-json\/wp\/v2\/users\/1"}],"replies":[{"embeddable":true,"href":"https:\/\/risam.it\/de\/wp-json\/wp\/v2\/comments?post=1992"}],"version-history":[{"count":29,"href":"https:\/\/risam.it\/de\/wp-json\/wp\/v2\/pages\/1992\/revisions"}],"predecessor-version":[{"id":2869,"href":"https:\/\/risam.it\/de\/wp-json\/wp\/v2\/pages\/1992\/revisions\/2869"}],"wp:attachment":[{"href":"https:\/\/risam.it\/de\/wp-json\/wp\/v2\/media?parent=1992"}],"curies":[{"name":"wp","href":"https:\/\/api.w.org\/{rel}","templated":true}]}}