{"id":2846,"date":"2019-01-23T17:53:48","date_gmt":"2019-01-23T17:53:48","guid":{"rendered":"https:\/\/risam.it\/grob\/"},"modified":"2019-01-23T17:53:48","modified_gmt":"2019-01-23T17:53:48","slug":"grob","status":"publish","type":"page","link":"https:\/\/risam.it\/de\/vertrieb\/grob\/","title":{"rendered":"GROB"},"content":{"rendered":"<p>[et_pb_section bb_built=&#8221;1&#8243; _builder_version=&#8221;3.0.105&#8243; background_image=&#8221;https:\/\/risam.it\/wp-content\/uploads\/2018\/03\/RISAM_Header.jpg&#8221; custom_padding=&#8221;90px|0px|90px|0px&#8221; next_background_color=&#8221;#000000&#8243;][et_pb_row _builder_version=&#8221;3.0.105&#8243; background_size=&#8221;initial&#8221; background_position=&#8221;top_left&#8221; background_repeat=&#8221;repeat&#8221;][et_pb_column type=&#8221;4_4&#8243;][et_pb_text module_id=&#8221;marginesx&#8221; _builder_version=&#8221;3.0.105&#8243; header_text_align=&#8221;center&#8221; custom_margin_phone=&#8221;|||0px&#8221; custom_margin_last_edited=&#8221;on|desktop&#8221;]<\/p>\n<h1 style=\"background-color: #b6b8ba;text-align: center\"><span id=\"framo\" class=\"big-titolo-grob\" style=\"font-size: 7vw;color: #ffffff\">GROB-ANTRIEBSTECHNIK<\/span><\/h1>\n<p>[\/et_pb_text][\/et_pb_column][\/et_pb_row][\/et_pb_section][et_pb_section bb_built=&#8221;1&#8243; specialty=&#8221;on&#8221; _builder_version=&#8221;3.0.105&#8243; custom_padding=&#8221;54px|0px|0px|0px&#8221; prev_background_color=&#8221;#000000&#8243; next_background_color=&#8221;#000000&#8243;][et_pb_column type=&#8221;1_2&#8243; specialty_columns=&#8221;2&#8243;][et_pb_row_inner custom_padding=&#8221;29.6875px|0px|0px|0px&#8221; _builder_version=&#8221;3.0.105&#8243;][et_pb_column_inner type=&#8221;4_4&#8243; saved_specialty_column_type=&#8221;1_2&#8243;][et_pb_text _builder_version=&#8221;3.0.105&#8243; custom_margin=&#8221;-30px|||&#8221; animation_style=&#8221;slide&#8221; animation_direction=&#8221;left&#8221; animation_intensity_slide=&#8221;1%&#8221;]<\/p>\n<h2 style=\"background-color: #b6b8ba\"><span id=\"framo2\" class=\"secondo-titolo-crt\" style=\"font-size: 5vw\">GROB<\/span><\/h2>\n<p>[\/et_pb_text][et_pb_text _builder_version=&#8221;3.0.105&#8243; header_font=&#8221;||||||||&#8221; header_2_font=&#8221;||||||||&#8221; header_2_font_size=&#8221;24px&#8221; custom_margin=&#8221;-50px|||&#8221; animation_style=&#8221;slide&#8221; animation_direction=&#8221;left&#8221; animation_intensity_slide=&#8221;1%&#8221; inline_fonts=&#8221;Abel&#8221;]<\/p>\n<h2><span style=\"color: #bf5917;\"><strong><span style=\"font-family: Abel;\">\u00a0<\/span><\/strong><\/span><\/h2>\n<h2 style=\"background-color: #d1d3d4;\"><span style=\"color: #df6b09;text-transform: uppercase;\">Ihr Partner f\u00fcr Schubketten und Hubgetriebe<\/span><\/h2>\n<p>[\/et_pb_text][\/et_pb_column_inner][\/et_pb_row_inner][\/et_pb_column][et_pb_column type=&#8221;1_2&#8243;][et_pb_image src=&#8221;\/wp-content\/uploads\/2018\/05\/grob-antriebstechnik-footer.png&#8221; url=&#8221;https:\/\/www.grob-antriebstechnik.de\/de\/start.html&#8221; url_new_window=&#8221;on&#8221; align=&#8221;right&#8221; _builder_version=&#8221;3.0.105&#8243; custom_margin=&#8221;-10px|||&#8221; animation_style=&#8221;fade&#8221; show_in_lightbox=&#8221;off&#8221; use_overlay=&#8221;off&#8221; always_center_on_mobile=&#8221;on&#8221; force_fullwidth=&#8221;off&#8221; show_bottom_space=&#8221;on&#8221; \/][\/et_pb_column][\/et_pb_section][et_pb_section bb_built=&#8221;1&#8243; _builder_version=&#8221;3.0.105&#8243; custom_padding=&#8221;0px|0px|90px|0px&#8221; prev_background_color=&#8221;#000000&#8243; next_background_color=&#8221;#d1d3d4&#8243;][et_pb_row use_custom_gutter=&#8221;on&#8221; gutter_width=&#8221;1&#8243; background_color_1=&#8221;#5386a0&#8243; _builder_version=&#8221;3.0.105&#8243;][et_pb_column type=&#8221;1_2&#8243;][et_pb_text background_layout=&#8221;dark&#8221; module_id=&#8221;marginedestro&#8221; _builder_version=&#8221;3.0.105&#8243; text_text_color=&#8221;#fcfeff&#8221; custom_margin=&#8221;50px|120px|20px|50px&#8221; custom_margin_phone=&#8221;50px|50px|50px|50px&#8221; custom_margin_last_edited=&#8221;on|phone&#8221;]<\/p>\n<p style=\"text-align: justify;\">GROB GmbH Antriebstechnik liegt in Sinsheim, Deutschland. Seit 1945 ist GROB Leader in der Antriebstechnologie.<\/p>\n<p style=\"text-align: justify;\">GROB Antriebstechnik herstellt hochwertige und zuverl\u00e4ssige Produkte wie Spindelhubelemente mit Spindel bis zum 320 mm Durchmesser, unbegrenzte H\u00fcbe (mit zusammengesetzte Spindel) und Hubkr\u00e4fte bis zum 350 Tonnen.<\/p>\n<p style=\"text-align: justify;\">Anwendungen:<\/p>\n<ul>\n<li>Holzbearbeitungsmaschinen<\/li>\n<li>Textilmaschinen<\/li>\n<li>Power Systems<\/li>\n<li>Papiertechnik<\/li>\n<li>Robotik &#038; Automation<\/li>\n<li>Kunststoff- und Gummimaschinen<\/li>\n<li>Werkzeugmaschinen<\/li>\n<li>Druckereimaschinen<\/li>\n<li>Walzwerke<\/li>\n<\/ul>\n<p>[\/et_pb_text][\/et_pb_column][et_pb_column type=&#8221;1_2&#8243;][et_pb_image src=&#8221;\/wp-content\/uploads\/2018\/08\/RISAM-Grom-Linear-Chain.jpg&#8221; module_id=&#8221;immagine&#8221; module_class=&#8221;spazio-verticale&#8221; _builder_version=&#8221;3.0.105&#8243; custom_margin=&#8221;40px|||-50px&#8221; custom_margin_tablet=&#8221;25px|||0px&#8221; custom_margin_last_edited=&#8221;on|desktop&#8221; animation_style=&#8221;slide&#8221; animation_direction=&#8221;right&#8221; animation_intensity_slide=&#8221;1%&#8221; show_in_lightbox=&#8221;off&#8221; url_new_window=&#8221;off&#8221; use_overlay=&#8221;off&#8221; always_center_on_mobile=&#8221;on&#8221; force_fullwidth=&#8221;off&#8221; show_bottom_space=&#8221;on&#8221; \/][\/et_pb_column][\/et_pb_row][et_pb_row use_custom_gutter=&#8221;on&#8221; gutter_width=&#8221;1&#8243; custom_padding=&#8221;0px|0px|27px|0px&#8221; background_color_2=&#8221;#5386a0&#8243; _builder_version=&#8221;3.0.105&#8243;][et_pb_column type=&#8221;1_2&#8243;][et_pb_image src=&#8221;\/wp-content\/uploads\/2018\/10\/Grob-Prodotto.jpg&#8221; module_id=&#8221;immagine&#8221; module_class=&#8221;spazio-verticale2&#8243; _builder_version=&#8221;3.0.105&#8243; custom_margin=&#8221;0px|||&#8221; custom_margin_tablet=&#8221;25px|||0px&#8221; custom_margin_last_edited=&#8221;on|phone&#8221; animation_style=&#8221;slide&#8221; animation_direction=&#8221;right&#8221; animation_intensity_slide=&#8221;1%&#8221; show_in_lightbox=&#8221;off&#8221; url_new_window=&#8221;off&#8221; use_overlay=&#8221;off&#8221; always_center_on_mobile=&#8221;on&#8221; force_fullwidth=&#8221;off&#8221; show_bottom_space=&#8221;on&#8221; \/][et_pb_image src=&#8221;\/wp-content\/uploads\/2018\/10\/Grob-Prodotti.jpg&#8221; module_id=&#8221;immagine&#8221; _builder_version=&#8221;3.0.105&#8243; custom_margin=&#8221;-4vw|||&#8221; custom_margin_tablet=&#8221;25px|||0px&#8221; custom_margin_last_edited=&#8221;on|phone&#8221; animation_style=&#8221;slide&#8221; animation_direction=&#8221;right&#8221; animation_intensity_slide=&#8221;1%&#8221; show_in_lightbox=&#8221;off&#8221; url_new_window=&#8221;off&#8221; use_overlay=&#8221;off&#8221; always_center_on_mobile=&#8221;on&#8221; force_fullwidth=&#8221;off&#8221; show_bottom_space=&#8221;on&#8221; \/][\/et_pb_column][et_pb_column type=&#8221;1_2&#8243;][et_pb_text background_layout=&#8221;dark&#8221; module_id=&#8221;marginedestro&#8221; _builder_version=&#8221;3.0.105&#8243; text_text_color=&#8221;#fcfeff&#8221; custom_margin=&#8221;50px|120px|20px|50px&#8221; custom_margin_phone=&#8221;50px|50px|50px|50px&#8221; custom_margin_last_edited=&#8221;on|phone&#8221;]<\/p>\n<p style=\"text-align: justify;\">Schubketten sind wichtige Bauelemente in der linearen Antriebstechnik. Sie entwickeln ihre wahre St\u00e4rke dort, wo andere Produkte wie Hubgetriebe aus Platzgr\u00fcnden ausscheiden.<\/p>\n<p style=\"text-align: justify;\">Schubketten besteht aus speziell geformten hoch pr\u00e4zisen und mechanischen Kettengliedern. Die Kettenglieder greifen formschl\u00fcssig fortlaufen ineinander \u00fcber. Das Besondere an der Schubkette (im Gegensatz zu einer \u201enormalen\u201c Kette ist: Sie arbeitet in beide Richtungen \u2013\u00a0sie kann ziehen und \u201eschieben\u201c.<\/p>\n<p style=\"text-align: justify;\">\nIm Antriebsgeh\u00e4use der Schubkette sitzt ein Ritzel, welches in die Zwischenglieder der Kette eingreift und die Kette Glied um Glied bewegt \u2013 sowohl vor als auch zur\u00fcck.\u00a0Die Kette selbst hat zwei lose Enden. Am einem Ende wird die zu bewegende Last befestigt. Das andere Ende kann frei gef\u00fchrt werden und wird in der Regel in einem Speicher aufgerollt.\u00a0Dies spart enorm viel Einbauplatz und ist der Hauptvorteil der Schubkette.\u00a0\n<\/p>\n<p><span style=\"font-size: 13px;\">ANWENDUNGEN:\u00a0<\/span><\/p>\n<ul>\n<li>Hebeb\u00fchne<\/li>\n<li>B\u00fchnenplattformen<\/li>\n<li>Lagerlogistik<\/li>\n<li>Industrie\u00f6fen<\/li>\n<li>K\u00fchlanlagen<\/li>\n<li>In der modernen Geb\u00e4udetechnik<\/li>\n<li>F\u00f6rdersystemen<\/li>\n<li>Beim Werkzeugwechseln an metallverarbeitenden Pressen<\/li>\n<li>Bei f\u00fchrerlosen Transportsystem<\/li>\n<li>Aufzugsanlage<\/li>\n<li>Automatisierte Parkpl\u00e4tze<\/li>\n<\/ul>\n<p>[\/et_pb_text][\/et_pb_column][\/et_pb_row][et_pb_row custom_padding=&#8221;46px|0px|0px|0px&#8221; _builder_version=&#8221;3.0.105&#8243; animation_style=&#8221;flip&#8221; animation_intensity_flip=&#8221;15%&#8221;][et_pb_column type=&#8221;1_3&#8243;][et_pb_gallery gallery_ids=&#8221;1467&#8243; show_title_and_caption=&#8221;off&#8221; zoom_icon_color=&#8221;#ffffff&#8221; hover_overlay_color=&#8221;rgba(223,107,9,0.85)&#8221; hover_icon=&#8221;%%51%%&#8221; _builder_version=&#8221;3.0.105&#8243; custom_margin=&#8221;|||&#8221; show_pagination=&#8221;on&#8221; fullwidth=&#8221;off&#8221; orientation=&#8221;landscape&#8221; background_layout=&#8221;light&#8221; pagination_font_size_tablet=&#8221;51&#8243; pagination_line_height_tablet=&#8221;2&#8243; \/][\/et_pb_column][et_pb_column type=&#8221;1_3&#8243;][et_pb_gallery gallery_ids=&#8221;1122&#8243; posts_number=&#8221;4&#8243; show_title_and_caption=&#8221;off&#8221; zoom_icon_color=&#8221;#ffffff&#8221; hover_overlay_color=&#8221;rgba(223,107,9,0.85)&#8221; hover_icon=&#8221;%%51%%&#8221; _builder_version=&#8221;3.0.105&#8243; custom_margin=&#8221;|||&#8221; \/][\/et_pb_column][et_pb_column type=&#8221;1_3&#8243;][et_pb_gallery gallery_ids=&#8221;1121&#8243; posts_number=&#8221;4&#8243; show_title_and_caption=&#8221;off&#8221; zoom_icon_color=&#8221;#ffffff&#8221; hover_overlay_color=&#8221;rgba(223,107,9,0.85)&#8221; hover_icon=&#8221;%%51%%&#8221; _builder_version=&#8221;3.0.105&#8243; custom_margin=&#8221;|||&#8221; \/][\/et_pb_column][\/et_pb_row][et_pb_row custom_padding=&#8221;27px|0px|50px|0px&#8221; custom_margin=&#8221;-2vw|||&#8221; _builder_version=&#8221;3.0.105&#8243;][et_pb_column type=&#8221;1_3&#8243;][et_pb_text _builder_version=&#8221;3.0.105&#8243; text_font=&#8221;||||||||&#8221; text_font_size=&#8221;12px&#8221; text_line_height=&#8221;1.5em&#8221; header_font=&#8221;||||||||&#8221; header_2_font=&#8221;||||||||&#8221; header_2_text_color=&#8221;#5386a0&#8243;]<\/p>\n<h2>SCHNELLHUBGETRIEBE<\/h2>\n<p>Schnellhubgetriebe\u00a0sind eine Spezialform der\u00a0Hubgetriebe. Sie lassen h\u00f6here Hubgeschwindigkeiten als die \u00fcblichen Hubgetriebe zu. Dies wird erm\u00f6glicht durch geringe Untersetzung im Getriebe, stabile Bauweise, optimierte Schmierverh\u00e4ltnisse, variable Gewindesteigungen und zul\u00e4ssige Eingangsdrehzahlen von bis zu 3000Upm. Die kreisbogenverzahnten, einstufigen Kegelrads\u00e4tze sind f\u00fcr hohe Laufruhe sowie Tragf\u00e4higkeit ausgelegt und erm\u00f6glichen damit bei hohen Eingangsleistungen, ruhigen und stabilen Spindellauf.<\/p>\n<p>[\/et_pb_text][\/et_pb_column][et_pb_column type=&#8221;1_3&#8243;][et_pb_text _builder_version=&#8221;3.0.105&#8243; text_font=&#8221;||||||||&#8221; text_font_size=&#8221;12px&#8221; text_line_height=&#8221;1.5em&#8221; header_font=&#8221;||||||||&#8221; header_2_font=&#8221;||||||||&#8221; header_2_text_color=&#8221;#5386a0&#8243;]<\/p>\n<h2>HUBGETRIEBE CLASSIC<\/h2>\n<p>Hubgetriebe \u201eClassic\u201c der Baureihe \u201eMC\u201c mit klassischer Geh\u00e4usenorm sind seit 1965 ein wichtiges Bauelement in den Konstruktions- und Planungsb\u00fcros. Der Grundgedanke, eine Drehbewegung mit Hilfe eines Schneckenrades und einer Gewindespindel in eine Axialbewegung umzuwandeln und dieses auf kleinstm\u00f6glichem Raum zu realisieren, bleibt auch heute noch so brillant wie vor 40 Jahren.<\/p>\n<p>[\/et_pb_text][\/et_pb_column][et_pb_column type=&#8221;1_3&#8243;][et_pb_text _builder_version=&#8221;3.0.105&#8243; text_font=&#8221;||||||||&#8221; text_font_size=&#8221;12px&#8221; text_line_height=&#8221;1.5em&#8221; header_font=&#8221;||||||||&#8221; header_2_font=&#8221;||||||||&#8221; header_2_text_color=&#8221;#5386a0&#8243;]<\/p>\n<h2>HUBGETRIEBE KUBISCH<\/h2>\n<p>Die Baureihe MJ und BJ mit kubischer Geh\u00e4useform vereinigt die Idee der Umsetzung einer Drehbewegung in eine Axialbewegung mit dem \u00e4sthetischen \u00c4u\u00dferen des kubischen Geh\u00e4usew\u00fcrfels zu einer funktionellen Einheit, wobei der konstruktive Grundgedanke einer einfachen und robusten Hubgetriebekonstruktion optimal verwirklicht wurde.<\/p>\n<p>[\/et_pb_text][\/et_pb_column][\/et_pb_row][\/et_pb_section][et_pb_section bb_built=&#8221;1&#8243; background_color=&#8221;#d1d3d4&#8243; custom_padding_last_edited=&#8221;on|desktop&#8221; _builder_version=&#8221;3.0.105&#8243; custom_margin_tablet=&#8221;-40px|||&#8221; custom_margin_phone=&#8221;0px|||&#8221; custom_margin_last_edited=&#8221;on|phone&#8221; custom_padding=&#8221;60px|0px|0px|0px&#8221; custom_padding_tablet=&#8221;60px|0px|54px|0px&#8221; prev_background_color=&#8221;#ffffff&#8221; disabled=&#8221;on&#8221; global_module=&#8221;1680&#8243;][et_pb_row global_parent=&#8221;1680&#8243; custom_padding=&#8221;27px|0px|0px|0px&#8221; custom_margin=&#8221;-150px|||&#8221; background_color_1=&#8221;#5386a0&#8243; background_color_2=&#8221;#bf5917&#8243; padding_right_1=&#8221;30px&#8221; padding_left_1=&#8221;50px&#8221; module_id_1=&#8221;colonna&#8221; disabled_on=&#8221;off|off|off&#8221; _builder_version=&#8221;3.0.105&#8243; custom_margin_phone=&#8221;0px|||&#8221; custom_margin_last_edited=&#8221;on|phone&#8221;][et_pb_column type=&#8221;4_4&#8243;][et_pb_text global_parent=&#8221;1680&#8243; _builder_version=&#8221;3.0.105&#8243; max_width_last_edited=&#8221;off|desktop&#8221; custom_margin=&#8221;-15px|||26%&#8221; custom_margin_tablet=&#8221;-15px|||-48px&#8221; custom_margin_phone=&#8221;|||-48px&#8221; custom_margin_last_edited=&#8221;on|tablet&#8221;]<\/p>\n<h2><span class=\"secondo-titolo-big\" style=\"color: #2f4a5e; font-size: 5vw;\">KONTAKT<\/span><\/h2>\n<p>[\/et_pb_text][et_pb_text global_parent=&#8221;1680&#8243; _builder_version=&#8221;3.0.105&#8243; custom_margin=&#8221;40px|||&#8221;]<\/p>\n<p><span style=\"color: #ffffff; font-size: large;\">Brauchen Sie weitere Informationen?<\/span><br \/><span style=\"color: #ffffff;\">Kontaktieren Sie uns<\/span><\/p>\n<p>[\/et_pb_text][\/et_pb_column][\/et_pb_row][et_pb_row global_parent=&#8221;1680&#8243; custom_padding=&#8221;70px|0px|0px|0px&#8221; background_color=&#8221;#5386a0&#8243; _builder_version=&#8221;3.0.105&#8243;][et_pb_column type=&#8221;1_4&#8243;][et_pb_blurb global_parent=&#8221;1680&#8243; title=&#8221;TELEFON&#8221; url=&#8221;tel:+39022664846&#8243; use_icon=&#8221;on&#8221; font_icon=&#8221;%%86%%&#8221; icon_color=&#8221;#ffffff&#8221; icon_placement=&#8221;left&#8221; module_id=&#8221;moduloblur&#8221; module_class=&#8221;correzione-dimensione&#8221; _builder_version=&#8221;3.0.105&#8243; header_text_color=&#8221;#2f4a5e&#8221; custom_margin=&#8221;|||20%&#8221; custom_margin_phone=&#8221;|||20px&#8221; custom_margin_last_edited=&#8221;on|phone&#8221; url_new_window=&#8221;off&#8221; use_circle=&#8221;off&#8221; use_circle_border=&#8221;off&#8221; use_icon_font_size=&#8221;off&#8221; background_layout=&#8221;light&#8221;]<\/p>\n<p>\u00a0<\/p>\n<h5><a href=\"tel:+39022664846\">+ 39 02 2664846<\/a><\/h5>\n<p>\u00a0<\/p>\n<p>[\/et_pb_blurb][\/et_pb_column][et_pb_column type=&#8221;1_4&#8243;][et_pb_blurb global_parent=&#8221;1680&#8243; title=&#8221;TELEFAX&#8221; url=&#8221;fax:+3902665400&#8243; use_icon=&#8221;on&#8221; font_icon=&#8221;%%71%%&#8221; icon_color=&#8221;#ffffff&#8221; icon_placement=&#8221;left&#8221; module_id=&#8221;moduloblur&#8221; module_class=&#8221;correzione-dimensione&#8221; _builder_version=&#8221;3.0.105&#8243; header_text_color=&#8221;#2f4a5e&#8221; custom_margin=&#8221;||20px|10%&#8221; custom_margin_phone=&#8221;||20px|20px&#8221; custom_margin_last_edited=&#8221;on|phone&#8221;]<\/p>\n<p>\u00a0<\/p>\n<h5><a href=\"fax:+ 39022665400\">+ 39 02 2665400<\/a><\/h5>\n<p>\u00a0<\/p>\n<p>[\/et_pb_blurb][\/et_pb_column][et_pb_column type=&#8221;1_4&#8243;][et_pb_blurb global_parent=&#8221;1680&#8243; title=&#8221;EMAIL&#8221; url=&#8221;mailto:risam@risam.it&#8221; use_icon=&#8221;on&#8221; font_icon=&#8221;%%153%%&#8221; icon_color=&#8221;#ffffff&#8221; icon_placement=&#8221;left&#8221; module_id=&#8221;moduloblur&#8221; module_class=&#8221;correzione-dimensione&#8221; _builder_version=&#8221;3.0.105&#8243; header_text_color=&#8221;#2f4a5e&#8221; custom_margin=&#8221;||70px|&#8221; custom_margin_phone=&#8221;||70px|20px&#8221; custom_margin_last_edited=&#8221;on|phone&#8221;]<\/p>\n<p>\u00a0<\/p>\n<h5><a href=\"mailto:risam@risam.it\">risam@risam.it<\/a><\/h5>\n<p>\u00a0<\/p>\n<p>[\/et_pb_blurb][\/et_pb_column][et_pb_column type=&#8221;1_4&#8243;][et_pb_blurb global_parent=&#8221;1680&#8243; title=&#8221;PEC&#8221; url=&#8221;mailto:risam@pec.risam.it&#8221; use_icon=&#8221;on&#8221; font_icon=&#8221;%%153%%&#8221; icon_color=&#8221;#ffffff&#8221; icon_placement=&#8221;left&#8221; module_id=&#8221;moduloblur&#8221; module_class=&#8221;correzione-dimensione&#8221; _builder_version=&#8221;3.0.105&#8243; header_text_color=&#8221;#2f4a5e&#8221; custom_margin=&#8221;||70px|&#8221; custom_margin_phone=&#8221;||70px|20px&#8221; custom_margin_last_edited=&#8221;on|phone&#8221;]<\/p>\n<p>\u00a0<\/p>\n<h5><a href=\"mailto:risam@pec.risam.it\">risam@pec.risam.it<\/a><\/h5>\n<p>\u00a0<\/p>\n<p>[\/et_pb_blurb][\/et_pb_column][\/et_pb_row][\/et_pb_section]<\/p>\n","protected":false},"excerpt":{"rendered":"<p>GROB-ANTRIEBSTECHNIK GROB \u00a0 Ihr Partner f\u00fcr Schubketten und Hubgetriebe GROB GmbH Antriebstechnik liegt in Sinsheim, Deutschland. Seit 1945 ist GROB Leader in der Antriebstechnologie. GROB Antriebstechnik herstellt hochwertige und zuverl\u00e4ssige Produkte wie Spindelhubelemente mit Spindel bis zum 320 mm Durchmesser, unbegrenzte H\u00fcbe (mit zusammengesetzte Spindel) und Hubkr\u00e4fte bis zum 350 Tonnen. Anwendungen: Holzbearbeitungsmaschinen Textilmaschinen Power [&hellip;]<\/p>\n","protected":false},"author":1,"featured_media":0,"parent":1966,"menu_order":2,"comment_status":"closed","ping_status":"closed","template":"","meta":{"_et_pb_use_builder":"on","_et_pb_old_content":"","_et_gb_content_width":"","footnotes":""},"class_list":["post-2846","page","type-page","status-publish","hentry"],"_links":{"self":[{"href":"https:\/\/risam.it\/de\/wp-json\/wp\/v2\/pages\/2846","targetHints":{"allow":["GET"]}}],"collection":[{"href":"https:\/\/risam.it\/de\/wp-json\/wp\/v2\/pages"}],"about":[{"href":"https:\/\/risam.it\/de\/wp-json\/wp\/v2\/types\/page"}],"author":[{"embeddable":true,"href":"https:\/\/risam.it\/de\/wp-json\/wp\/v2\/users\/1"}],"replies":[{"embeddable":true,"href":"https:\/\/risam.it\/de\/wp-json\/wp\/v2\/comments?post=2846"}],"version-history":[{"count":1,"href":"https:\/\/risam.it\/de\/wp-json\/wp\/v2\/pages\/2846\/revisions"}],"predecessor-version":[{"id":2847,"href":"https:\/\/risam.it\/de\/wp-json\/wp\/v2\/pages\/2846\/revisions\/2847"}],"up":[{"embeddable":true,"href":"https:\/\/risam.it\/de\/wp-json\/wp\/v2\/pages\/1966"}],"wp:attachment":[{"href":"https:\/\/risam.it\/de\/wp-json\/wp\/v2\/media?parent=2846"}],"curies":[{"name":"wp","href":"https:\/\/api.w.org\/{rel}","templated":true}]}}